{"id":13002,"date":"2025-05-09T13:35:58","date_gmt":"2025-05-09T13:35:58","guid":{"rendered":"https:\/\/kanavicecikolata.com\/?post_type=product&#038;p=13002"},"modified":"2025-05-09T13:36:27","modified_gmt":"2025-05-09T13:36:27","slug":"zencefilli-limon-serbeti","status":"publish","type":"product","link":"https:\/\/kanavicecikolata.com\/?product=zencefilli-limon-serbeti","title":{"rendered":"ZENCEF\u0130LL\u0130 L\u0130MON \u015eERBET\u0130"},"content":{"rendered":"<h3><strong>1 L\u0130TRE F\u0130YATIDIR<\/strong><\/h3>\n","protected":false},"excerpt":{"rendered":"<p>\u0130\u00e7erik: Zencefil, limon, zerde\u00e7al, kinzi, \u015feker ve <span style=\"letter-spacing: 0.15px;\">do\u011fal kaynak suyu<\/span><\/p>\n<h5 style=\"text-align: left;\">\u00dcr\u00fcnlerimizde g\u0131da katk\u0131 maddesi bulunmamaktad\u0131r.<\/h5>\n","protected":false},"featured_media":12997,"comment_status":"open","ping_status":"closed","template":"","meta":[],"product_brand":[],"product_cat":[78,80],"product_tag":[],"class_list":{"0":"post-13002","1":"product","2":"type-product","3":"status-publish","4":"has-post-thumbnail","6":"product_cat-icecek-cesitleri","7":"product_cat-soguk-icecekler","9":"first","10":"instock","11":"taxable","12":"shipping-taxable","13":"purchasable","14":"product-type-simple"},"jetpack_sharing_enabled":true,"_links":{"self":[{"href":"https:\/\/kanavicecikolata.com\/index.php?rest_route=\/wp\/v2\/product\/13002","targetHints":{"allow":["GET"]}}],"collection":[{"href":"https:\/\/kanavicecikolata.com\/index.php?rest_route=\/wp\/v2\/product"}],"about":[{"href":"https:\/\/kanavicecikolata.com\/index.php?rest_route=\/wp\/v2\/types\/product"}],"replies":[{"embeddable":true,"href":"https:\/\/kanavicecikolata.com\/index.php?rest_route=%2Fwp%2Fv2%2Fcomments&post=13002"}],"wp:featuredmedia":[{"embeddable":true,"href":"https:\/\/kanavicecikolata.com\/index.php?rest_route=\/wp\/v2\/media\/12997"}],"wp:attachment":[{"href":"https:\/\/kanavicecikolata.com\/index.php?rest_route=%2Fwp%2Fv2%2Fmedia&parent=13002"}],"wp:term":[{"taxonomy":"product_brand","embeddable":true,"href":"https:\/\/kanavicecikolata.com\/index.php?rest_route=%2Fwp%2Fv2%2Fproduct_brand&post=13002"},{"taxonomy":"product_cat","embeddable":true,"href":"https:\/\/kanavicecikolata.com\/index.php?rest_route=%2Fwp%2Fv2%2Fproduct_cat&post=13002"},{"taxonomy":"product_tag","embeddable":true,"href":"https:\/\/kanavicecikolata.com\/index.php?rest_route=%2Fwp%2Fv2%2Fproduct_tag&post=13002"}],"curies":[{"name":"wp","href":"https:\/\/api.w.org\/{rel}","templated":true}]}}