{"id":12989,"date":"2025-05-09T12:22:46","date_gmt":"2025-05-09T12:22:46","guid":{"rendered":"https:\/\/kanavicecikolata.com\/?post_type=product&#038;p=12989"},"modified":"2025-05-28T07:35:41","modified_gmt":"2025-05-28T07:35:41","slug":"bride-to-be","status":"publish","type":"product","link":"https:\/\/kanavicecikolata.com\/?product=bride-to-be","title":{"rendered":"BR\u0130DE TO BE"},"content":{"rendered":"<p>6 K\u0130\u015e\u0130L\u0130KT\u0130R<\/p>\n","protected":false},"excerpt":{"rendered":"<h6 id=\"id_title\">Krema olarak sade&amp;\u00e7ikolatal\u0131 se\u00e7ene\u011fimiz mevcut.<br \/>\ni\u00e7 malzemesi olarak<br \/>\n\u00e7ilek, muz,\u00e7ikolata, antep f\u0131st\u0131\u011f\u0131,f\u0131nd\u0131k, se\u00e7ene\u011fimiz mevcut.<\/h6>\n","protected":false},"featured_media":13035,"comment_status":"open","ping_status":"closed","template":"","meta":[],"product_brand":[],"product_cat":[81,82,85],"product_tag":[],"class_list":{"0":"post-12989","1":"product","2":"type-product","3":"status-publish","4":"has-post-thumbnail","6":"product_cat-yas-pasta","7":"product_cat-dogum-gunu-pasta","8":"product_cat-ozel-uretim-pastalari","10":"first","11":"instock","12":"taxable","13":"shipping-taxable","14":"purchasable","15":"product-type-simple"},"jetpack_sharing_enabled":true,"_links":{"self":[{"href":"https:\/\/kanavicecikolata.com\/index.php?rest_route=\/wp\/v2\/product\/12989","targetHints":{"allow":["GET"]}}],"collection":[{"href":"https:\/\/kanavicecikolata.com\/index.php?rest_route=\/wp\/v2\/product"}],"about":[{"href":"https:\/\/kanavicecikolata.com\/index.php?rest_route=\/wp\/v2\/types\/product"}],"replies":[{"embeddable":true,"href":"https:\/\/kanavicecikolata.com\/index.php?rest_route=%2Fwp%2Fv2%2Fcomments&post=12989"}],"wp:featuredmedia":[{"embeddable":true,"href":"https:\/\/kanavicecikolata.com\/index.php?rest_route=\/wp\/v2\/media\/13035"}],"wp:attachment":[{"href":"https:\/\/kanavicecikolata.com\/index.php?rest_route=%2Fwp%2Fv2%2Fmedia&parent=12989"}],"wp:term":[{"taxonomy":"product_brand","embeddable":true,"href":"https:\/\/kanavicecikolata.com\/index.php?rest_route=%2Fwp%2Fv2%2Fproduct_brand&post=12989"},{"taxonomy":"product_cat","embeddable":true,"href":"https:\/\/kanavicecikolata.com\/index.php?rest_route=%2Fwp%2Fv2%2Fproduct_cat&post=12989"},{"taxonomy":"product_tag","embeddable":true,"href":"https:\/\/kanavicecikolata.com\/index.php?rest_route=%2Fwp%2Fv2%2Fproduct_tag&post=12989"}],"curies":[{"name":"wp","href":"https:\/\/api.w.org\/{rel}","templated":true}]}}