{"id":12978,"date":"2025-05-09T11:50:42","date_gmt":"2025-05-09T11:50:42","guid":{"rendered":"https:\/\/kanavicecikolata.com\/?post_type=product&#038;p=12978"},"modified":"2025-05-28T07:37:43","modified_gmt":"2025-05-28T07:37:43","slug":"dantel-pasta","status":"publish","type":"product","link":"https:\/\/kanavicecikolata.com\/?product=dantel-pasta","title":{"rendered":"DANTEL PASTA"},"content":{"rendered":"<p>AYRINTILI B\u0130LG\u0130 \u0130\u00c7\u0130N +90 (541) 332 98 48<\/p>\n","protected":false},"excerpt":{"rendered":"<p>4 K\u0130\u015e\u0130L\u0130KT\u0130R<\/p>\n","protected":false},"featured_media":13033,"comment_status":"open","ping_status":"closed","template":"","meta":[],"product_brand":[],"product_cat":[81,85],"product_tag":[],"class_list":{"0":"post-12978","1":"product","2":"type-product","3":"status-publish","4":"has-post-thumbnail","6":"product_cat-yas-pasta","7":"product_cat-ozel-uretim-pastalari","9":"first","10":"instock","11":"taxable","12":"shipping-taxable","13":"purchasable","14":"product-type-simple"},"jetpack_sharing_enabled":true,"_links":{"self":[{"href":"https:\/\/kanavicecikolata.com\/index.php?rest_route=\/wp\/v2\/product\/12978","targetHints":{"allow":["GET"]}}],"collection":[{"href":"https:\/\/kanavicecikolata.com\/index.php?rest_route=\/wp\/v2\/product"}],"about":[{"href":"https:\/\/kanavicecikolata.com\/index.php?rest_route=\/wp\/v2\/types\/product"}],"replies":[{"embeddable":true,"href":"https:\/\/kanavicecikolata.com\/index.php?rest_route=%2Fwp%2Fv2%2Fcomments&post=12978"}],"wp:featuredmedia":[{"embeddable":true,"href":"https:\/\/kanavicecikolata.com\/index.php?rest_route=\/wp\/v2\/media\/13033"}],"wp:attachment":[{"href":"https:\/\/kanavicecikolata.com\/index.php?rest_route=%2Fwp%2Fv2%2Fmedia&parent=12978"}],"wp:term":[{"taxonomy":"product_brand","embeddable":true,"href":"https:\/\/kanavicecikolata.com\/index.php?rest_route=%2Fwp%2Fv2%2Fproduct_brand&post=12978"},{"taxonomy":"product_cat","embeddable":true,"href":"https:\/\/kanavicecikolata.com\/index.php?rest_route=%2Fwp%2Fv2%2Fproduct_cat&post=12978"},{"taxonomy":"product_tag","embeddable":true,"href":"https:\/\/kanavicecikolata.com\/index.php?rest_route=%2Fwp%2Fv2%2Fproduct_tag&post=12978"}],"curies":[{"name":"wp","href":"https:\/\/api.w.org\/{rel}","templated":true}]}}