{"id":12971,"date":"2025-05-09T09:27:37","date_gmt":"2025-05-09T09:27:37","guid":{"rendered":"https:\/\/kanavicecikolata.com\/?post_type=product&#038;p=12971"},"modified":"2025-05-09T09:29:14","modified_gmt":"2025-05-09T09:29:14","slug":"gul-serbeti","status":"publish","type":"product","link":"https:\/\/kanavicecikolata.com\/?product=gul-serbeti","title":{"rendered":"G\u00dcL \u015eERBET\u0130"},"content":{"rendered":"<p>\u00dcr\u00fcnlerimizde g\u0131da katk\u0131 maddesi bulunmamaktad\u0131r.<\/p>\n","protected":false},"excerpt":{"rendered":"<p>\u0130\u00c7ER\u0130K: tomurcuk g\u00fcl,tar\u00e7\u0131n,zencefil,muskat,karanfil \u015feker ve do\u011fal kaynak suyu<\/p>\n","protected":false},"featured_media":0,"comment_status":"open","ping_status":"closed","template":"","meta":[],"product_brand":[],"product_cat":[16],"product_tag":[],"class_list":{"0":"post-12971","1":"product","2":"type-product","3":"status-publish","5":"product_cat-genel","7":"first","8":"instock","9":"taxable","10":"shipping-taxable","11":"product-type-simple"},"jetpack_sharing_enabled":true,"_links":{"self":[{"href":"https:\/\/kanavicecikolata.com\/index.php?rest_route=\/wp\/v2\/product\/12971","targetHints":{"allow":["GET"]}}],"collection":[{"href":"https:\/\/kanavicecikolata.com\/index.php?rest_route=\/wp\/v2\/product"}],"about":[{"href":"https:\/\/kanavicecikolata.com\/index.php?rest_route=\/wp\/v2\/types\/product"}],"replies":[{"embeddable":true,"href":"https:\/\/kanavicecikolata.com\/index.php?rest_route=%2Fwp%2Fv2%2Fcomments&post=12971"}],"wp:attachment":[{"href":"https:\/\/kanavicecikolata.com\/index.php?rest_route=%2Fwp%2Fv2%2Fmedia&parent=12971"}],"wp:term":[{"taxonomy":"product_brand","embeddable":true,"href":"https:\/\/kanavicecikolata.com\/index.php?rest_route=%2Fwp%2Fv2%2Fproduct_brand&post=12971"},{"taxonomy":"product_cat","embeddable":true,"href":"https:\/\/kanavicecikolata.com\/index.php?rest_route=%2Fwp%2Fv2%2Fproduct_cat&post=12971"},{"taxonomy":"product_tag","embeddable":true,"href":"https:\/\/kanavicecikolata.com\/index.php?rest_route=%2Fwp%2Fv2%2Fproduct_tag&post=12971"}],"curies":[{"name":"wp","href":"https:\/\/api.w.org\/{rel}","templated":true}]}}