{"id":12353,"date":"2025-02-15T13:57:11","date_gmt":"2025-02-15T13:57:11","guid":{"rendered":"https:\/\/kanavicecikolata.com\/?post_type=product&#038;p=12353"},"modified":"2025-05-09T13:47:19","modified_gmt":"2025-05-09T13:47:19","slug":"bitter-kahve-dolgulu","status":"publish","type":"product","link":"https:\/\/kanavicecikolata.com\/?product=bitter-kahve-dolgulu","title":{"rendered":"SPEC\u0130AL \u00c7\u0130KOLATA(PRAL\u0130N)"},"content":{"rendered":"<h5 style=\"text-align: center;\"><em><strong>\u00a0 K\u0130LOGRAM F\u0130YATIDIR<\/strong><\/em><\/h5>\n","protected":false},"excerpt":{"rendered":"<h5><em><strong>K\u0130LOGRAM OLARAK SATILMAKTADIR, 1 ADET 1KG\u2019A TEKAM\u00dcL ETMEKTED\u0130R.<\/strong><\/em><\/h5>\n","protected":false},"featured_media":13009,"comment_status":"open","ping_status":"closed","template":"","meta":[],"product_brand":[],"product_cat":[86],"product_tag":[],"class_list":{"0":"post-12353","1":"product","2":"type-product","3":"status-publish","4":"has-post-thumbnail","6":"product_cat-cikolata-cesitleri","8":"first","9":"instock","10":"taxable","11":"shipping-taxable","12":"purchasable","13":"product-type-simple"},"jetpack_sharing_enabled":true,"_links":{"self":[{"href":"https:\/\/kanavicecikolata.com\/index.php?rest_route=\/wp\/v2\/product\/12353","targetHints":{"allow":["GET"]}}],"collection":[{"href":"https:\/\/kanavicecikolata.com\/index.php?rest_route=\/wp\/v2\/product"}],"about":[{"href":"https:\/\/kanavicecikolata.com\/index.php?rest_route=\/wp\/v2\/types\/product"}],"replies":[{"embeddable":true,"href":"https:\/\/kanavicecikolata.com\/index.php?rest_route=%2Fwp%2Fv2%2Fcomments&post=12353"}],"wp:featuredmedia":[{"embeddable":true,"href":"https:\/\/kanavicecikolata.com\/index.php?rest_route=\/wp\/v2\/media\/13009"}],"wp:attachment":[{"href":"https:\/\/kanavicecikolata.com\/index.php?rest_route=%2Fwp%2Fv2%2Fmedia&parent=12353"}],"wp:term":[{"taxonomy":"product_brand","embeddable":true,"href":"https:\/\/kanavicecikolata.com\/index.php?rest_route=%2Fwp%2Fv2%2Fproduct_brand&post=12353"},{"taxonomy":"product_cat","embeddable":true,"href":"https:\/\/kanavicecikolata.com\/index.php?rest_route=%2Fwp%2Fv2%2Fproduct_cat&post=12353"},{"taxonomy":"product_tag","embeddable":true,"href":"https:\/\/kanavicecikolata.com\/index.php?rest_route=%2Fwp%2Fv2%2Fproduct_tag&post=12353"}],"curies":[{"name":"wp","href":"https:\/\/api.w.org\/{rel}","templated":true}]}}