{"id":12303,"date":"2025-02-15T12:50:06","date_gmt":"2025-02-15T12:50:06","guid":{"rendered":"https:\/\/kanavicecikolata.com\/?post_type=product&#038;p=12303"},"modified":"2025-02-15T13:08:58","modified_gmt":"2025-02-15T13:08:58","slug":"kalpli-kutu-16li","status":"publish","type":"product","link":"https:\/\/kanavicecikolata.com\/?product=kalpli-kutu-16li","title":{"rendered":"KALPL\u0130 KUTU 16LI"},"content":{"rendered":"","protected":false},"excerpt":{"rendered":"<h5><em><strong>\u0130STED\u0130\u011e\u0130N\u0130Z \u00c7\u0130KOLATALARI SATIN ALIRKEN NOT OLARAK BEL\u0130RT\u0130RSEN\u0130Z D\u0130LED\u0130\u011e\u0130N\u0130Z \u015eEK\u0130LDE HAZIRLAYAB\u0130L\u0130R\u0130Z.<\/strong><\/em><\/h5>\n","protected":false},"featured_media":12298,"comment_status":"open","ping_status":"closed","template":"","meta":[],"product_brand":[],"product_cat":[86],"product_tag":[],"class_list":{"0":"post-12303","1":"product","2":"type-product","3":"status-publish","4":"has-post-thumbnail","6":"product_cat-cikolata-cesitleri","8":"first","9":"instock","10":"taxable","11":"shipping-taxable","12":"purchasable","13":"product-type-simple"},"jetpack_sharing_enabled":true,"_links":{"self":[{"href":"https:\/\/kanavicecikolata.com\/index.php?rest_route=\/wp\/v2\/product\/12303","targetHints":{"allow":["GET"]}}],"collection":[{"href":"https:\/\/kanavicecikolata.com\/index.php?rest_route=\/wp\/v2\/product"}],"about":[{"href":"https:\/\/kanavicecikolata.com\/index.php?rest_route=\/wp\/v2\/types\/product"}],"replies":[{"embeddable":true,"href":"https:\/\/kanavicecikolata.com\/index.php?rest_route=%2Fwp%2Fv2%2Fcomments&post=12303"}],"wp:featuredmedia":[{"embeddable":true,"href":"https:\/\/kanavicecikolata.com\/index.php?rest_route=\/wp\/v2\/media\/12298"}],"wp:attachment":[{"href":"https:\/\/kanavicecikolata.com\/index.php?rest_route=%2Fwp%2Fv2%2Fmedia&parent=12303"}],"wp:term":[{"taxonomy":"product_brand","embeddable":true,"href":"https:\/\/kanavicecikolata.com\/index.php?rest_route=%2Fwp%2Fv2%2Fproduct_brand&post=12303"},{"taxonomy":"product_cat","embeddable":true,"href":"https:\/\/kanavicecikolata.com\/index.php?rest_route=%2Fwp%2Fv2%2Fproduct_cat&post=12303"},{"taxonomy":"product_tag","embeddable":true,"href":"https:\/\/kanavicecikolata.com\/index.php?rest_route=%2Fwp%2Fv2%2Fproduct_tag&post=12303"}],"curies":[{"name":"wp","href":"https:\/\/api.w.org\/{rel}","templated":true}]}}