{"id":12291,"date":"2025-02-15T11:36:43","date_gmt":"2025-02-15T11:36:43","guid":{"rendered":"https:\/\/kanavicecikolata.com\/?post_type=product&#038;p=12291"},"modified":"2025-05-09T13:33:43","modified_gmt":"2025-05-09T13:33:43","slug":"kis-serbeti","status":"publish","type":"product","link":"https:\/\/kanavicecikolata.com\/?product=kis-serbeti","title":{"rendered":"LAVANTA \u015eERBET\u0130"},"content":{"rendered":"<h3><strong>1 L\u0130TRE F\u0130YATIDIR<\/strong><\/h3>\n","protected":false},"excerpt":{"rendered":"<p style=\"text-align: left;\">\u0130\u00c7ER\u0130K: Lavanta \u00e7i\u00e7e\u011fi, limon, \u015feker ve <span style=\"letter-spacing: 0.15px;\">do\u011fal kaynak suyu<\/span><\/p>\n<h5 style=\"text-align: left;\">\u00dcr\u00fcnlerimizde g\u0131da katk\u0131 maddesi bulunmamaktad\u0131r.<\/h5>\n","protected":false},"featured_media":12998,"comment_status":"open","ping_status":"closed","template":"","meta":[],"product_brand":[],"product_cat":[78,80],"product_tag":[],"class_list":{"0":"post-12291","1":"product","2":"type-product","3":"status-publish","4":"has-post-thumbnail","6":"product_cat-icecek-cesitleri","7":"product_cat-soguk-icecekler","9":"first","10":"instock","11":"taxable","12":"shipping-taxable","13":"purchasable","14":"product-type-simple"},"jetpack_sharing_enabled":true,"_links":{"self":[{"href":"https:\/\/kanavicecikolata.com\/index.php?rest_route=\/wp\/v2\/product\/12291","targetHints":{"allow":["GET"]}}],"collection":[{"href":"https:\/\/kanavicecikolata.com\/index.php?rest_route=\/wp\/v2\/product"}],"about":[{"href":"https:\/\/kanavicecikolata.com\/index.php?rest_route=\/wp\/v2\/types\/product"}],"replies":[{"embeddable":true,"href":"https:\/\/kanavicecikolata.com\/index.php?rest_route=%2Fwp%2Fv2%2Fcomments&post=12291"}],"wp:featuredmedia":[{"embeddable":true,"href":"https:\/\/kanavicecikolata.com\/index.php?rest_route=\/wp\/v2\/media\/12998"}],"wp:attachment":[{"href":"https:\/\/kanavicecikolata.com\/index.php?rest_route=%2Fwp%2Fv2%2Fmedia&parent=12291"}],"wp:term":[{"taxonomy":"product_brand","embeddable":true,"href":"https:\/\/kanavicecikolata.com\/index.php?rest_route=%2Fwp%2Fv2%2Fproduct_brand&post=12291"},{"taxonomy":"product_cat","embeddable":true,"href":"https:\/\/kanavicecikolata.com\/index.php?rest_route=%2Fwp%2Fv2%2Fproduct_cat&post=12291"},{"taxonomy":"product_tag","embeddable":true,"href":"https:\/\/kanavicecikolata.com\/index.php?rest_route=%2Fwp%2Fv2%2Fproduct_tag&post=12291"}],"curies":[{"name":"wp","href":"https:\/\/api.w.org\/{rel}","templated":true}]}}