{"id":12290,"date":"2025-02-15T11:33:10","date_gmt":"2025-02-15T11:33:10","guid":{"rendered":"https:\/\/kanavicecikolata.com\/?post_type=product&#038;p=12290"},"modified":"2025-05-09T13:33:51","modified_gmt":"2025-05-09T13:33:51","slug":"sicak-cikolata","status":"publish","type":"product","link":"https:\/\/kanavicecikolata.com\/?product=sicak-cikolata","title":{"rendered":"\u00c7\u0130LEK L\u0130MON \u015eERBET\u0130"},"content":{"rendered":"<h3><strong>1 L\u0130TRE F\u0130YATIDIR<\/strong><\/h3>\n","protected":false},"excerpt":{"rendered":"<p>\u0130\u00e7erik: Do\u011fal \u00e7ilek ve limondan elde edilen \u015ferbet<\/p>\n<h5 style=\"text-align: left;\">\u00dcr\u00fcnlerimizde g\u0131da katk\u0131 maddesi bulunmamaktad\u0131r.<\/h5>\n","protected":false},"featured_media":0,"comment_status":"open","ping_status":"closed","template":"","meta":[],"product_brand":[],"product_cat":[78,80],"product_tag":[],"class_list":{"0":"post-12290","1":"product","2":"type-product","3":"status-publish","5":"product_cat-icecek-cesitleri","6":"product_cat-soguk-icecekler","8":"first","9":"instock","10":"taxable","11":"shipping-taxable","12":"purchasable","13":"product-type-simple"},"jetpack_sharing_enabled":true,"_links":{"self":[{"href":"https:\/\/kanavicecikolata.com\/index.php?rest_route=\/wp\/v2\/product\/12290","targetHints":{"allow":["GET"]}}],"collection":[{"href":"https:\/\/kanavicecikolata.com\/index.php?rest_route=\/wp\/v2\/product"}],"about":[{"href":"https:\/\/kanavicecikolata.com\/index.php?rest_route=\/wp\/v2\/types\/product"}],"replies":[{"embeddable":true,"href":"https:\/\/kanavicecikolata.com\/index.php?rest_route=%2Fwp%2Fv2%2Fcomments&post=12290"}],"wp:attachment":[{"href":"https:\/\/kanavicecikolata.com\/index.php?rest_route=%2Fwp%2Fv2%2Fmedia&parent=12290"}],"wp:term":[{"taxonomy":"product_brand","embeddable":true,"href":"https:\/\/kanavicecikolata.com\/index.php?rest_route=%2Fwp%2Fv2%2Fproduct_brand&post=12290"},{"taxonomy":"product_cat","embeddable":true,"href":"https:\/\/kanavicecikolata.com\/index.php?rest_route=%2Fwp%2Fv2%2Fproduct_cat&post=12290"},{"taxonomy":"product_tag","embeddable":true,"href":"https:\/\/kanavicecikolata.com\/index.php?rest_route=%2Fwp%2Fv2%2Fproduct_tag&post=12290"}],"curies":[{"name":"wp","href":"https:\/\/api.w.org\/{rel}","templated":true}]}}