{"id":12287,"date":"2025-02-15T11:23:01","date_gmt":"2025-02-15T11:23:01","guid":{"rendered":"https:\/\/kanavicecikolata.com\/?post_type=product&#038;p=12287"},"modified":"2025-02-15T11:23:01","modified_gmt":"2025-02-15T11:23:01","slug":"marlenka","status":"publish","type":"product","link":"https:\/\/kanavicecikolata.com\/?product=marlenka","title":{"rendered":"MARLENKA"},"content":{"rendered":"","protected":false},"excerpt":{"rendered":"<h5 style=\"text-align: center;\"><em style=\"letter-spacing: 0.15px;\"><strong>BALLI TAR\u00c7INLI RUS TATLISININ KANAV\u0130\u00c7EYE UYARLANMI\u015e HAL\u0130<\/strong><\/em><\/h5>\n","protected":false},"featured_media":12288,"comment_status":"open","ping_status":"closed","template":"","meta":[],"product_brand":[],"product_cat":[92],"product_tag":[],"class_list":{"0":"post-12287","1":"product","2":"type-product","3":"status-publish","4":"has-post-thumbnail","6":"product_cat-tatli-cesitleri","8":"first","9":"instock","10":"taxable","11":"shipping-taxable","12":"purchasable","13":"product-type-simple"},"jetpack_sharing_enabled":true,"_links":{"self":[{"href":"https:\/\/kanavicecikolata.com\/index.php?rest_route=\/wp\/v2\/product\/12287","targetHints":{"allow":["GET"]}}],"collection":[{"href":"https:\/\/kanavicecikolata.com\/index.php?rest_route=\/wp\/v2\/product"}],"about":[{"href":"https:\/\/kanavicecikolata.com\/index.php?rest_route=\/wp\/v2\/types\/product"}],"replies":[{"embeddable":true,"href":"https:\/\/kanavicecikolata.com\/index.php?rest_route=%2Fwp%2Fv2%2Fcomments&post=12287"}],"wp:featuredmedia":[{"embeddable":true,"href":"https:\/\/kanavicecikolata.com\/index.php?rest_route=\/wp\/v2\/media\/12288"}],"wp:attachment":[{"href":"https:\/\/kanavicecikolata.com\/index.php?rest_route=%2Fwp%2Fv2%2Fmedia&parent=12287"}],"wp:term":[{"taxonomy":"product_brand","embeddable":true,"href":"https:\/\/kanavicecikolata.com\/index.php?rest_route=%2Fwp%2Fv2%2Fproduct_brand&post=12287"},{"taxonomy":"product_cat","embeddable":true,"href":"https:\/\/kanavicecikolata.com\/index.php?rest_route=%2Fwp%2Fv2%2Fproduct_cat&post=12287"},{"taxonomy":"product_tag","embeddable":true,"href":"https:\/\/kanavicecikolata.com\/index.php?rest_route=%2Fwp%2Fv2%2Fproduct_tag&post=12287"}],"curies":[{"name":"wp","href":"https:\/\/api.w.org\/{rel}","templated":true}]}}