{"id":12278,"date":"2025-02-15T11:00:19","date_gmt":"2025-02-15T11:00:19","guid":{"rendered":"https:\/\/kanavicecikolata.com\/?post_type=product&#038;p=12278"},"modified":"2025-02-15T11:00:19","modified_gmt":"2025-02-15T11:00:19","slug":"karamel-gustoso","status":"publish","type":"product","link":"https:\/\/kanavicecikolata.com\/?product=karamel-gustoso","title":{"rendered":"KARAMEL GUSTOSO"},"content":{"rendered":"","protected":false},"excerpt":{"rendered":"<h5 style=\"text-align: center;\"><em><strong>KARAMELL\u0130 PASTACI KREMASI, \u00c7ITIR WAFFLE TOPLARI,KREP KIRI\u011eI, FINDIK VE BEL\u00c7\u0130KA \u00c7\u0130KOLATASI E\u015eL\u0130\u011e\u0130NDE SERV\u0130S ED\u0130L\u0130R.<\/strong><\/em><\/h5>\n","protected":false},"featured_media":12282,"comment_status":"open","ping_status":"closed","template":"","meta":[],"product_brand":[],"product_cat":[92],"product_tag":[],"class_list":{"0":"post-12278","1":"product","2":"type-product","3":"status-publish","4":"has-post-thumbnail","6":"product_cat-tatli-cesitleri","8":"first","9":"instock","10":"taxable","11":"shipping-taxable","12":"purchasable","13":"product-type-simple"},"jetpack_sharing_enabled":true,"_links":{"self":[{"href":"https:\/\/kanavicecikolata.com\/index.php?rest_route=\/wp\/v2\/product\/12278","targetHints":{"allow":["GET"]}}],"collection":[{"href":"https:\/\/kanavicecikolata.com\/index.php?rest_route=\/wp\/v2\/product"}],"about":[{"href":"https:\/\/kanavicecikolata.com\/index.php?rest_route=\/wp\/v2\/types\/product"}],"replies":[{"embeddable":true,"href":"https:\/\/kanavicecikolata.com\/index.php?rest_route=%2Fwp%2Fv2%2Fcomments&post=12278"}],"wp:featuredmedia":[{"embeddable":true,"href":"https:\/\/kanavicecikolata.com\/index.php?rest_route=\/wp\/v2\/media\/12282"}],"wp:attachment":[{"href":"https:\/\/kanavicecikolata.com\/index.php?rest_route=%2Fwp%2Fv2%2Fmedia&parent=12278"}],"wp:term":[{"taxonomy":"product_brand","embeddable":true,"href":"https:\/\/kanavicecikolata.com\/index.php?rest_route=%2Fwp%2Fv2%2Fproduct_brand&post=12278"},{"taxonomy":"product_cat","embeddable":true,"href":"https:\/\/kanavicecikolata.com\/index.php?rest_route=%2Fwp%2Fv2%2Fproduct_cat&post=12278"},{"taxonomy":"product_tag","embeddable":true,"href":"https:\/\/kanavicecikolata.com\/index.php?rest_route=%2Fwp%2Fv2%2Fproduct_tag&post=12278"}],"curies":[{"name":"wp","href":"https:\/\/api.w.org\/{rel}","templated":true}]}}