{"id":12277,"date":"2025-02-15T10:47:45","date_gmt":"2025-02-15T10:47:45","guid":{"rendered":"https:\/\/kanavicecikolata.com\/?post_type=product&#038;p=12277"},"modified":"2025-02-15T10:49:20","modified_gmt":"2025-02-15T10:49:20","slug":"tette-delle","status":"publish","type":"product","link":"https:\/\/kanavicecikolata.com\/?product=tette-delle","title":{"rendered":"TETTE DELLE"},"content":{"rendered":"<h5 style=\"text-align: center;\"><em><strong>(B\u0130R PORS\u0130YONDA 3 ADET BULUNMAKTADIR.)<\/strong><\/em><\/h5>\n","protected":false},"excerpt":{"rendered":"<h5 style=\"text-align: left;\"><em><strong>YUMU\u015eACIK PAND\u0130SPANYA HAMURUNUN \u0130\u00c7\u0130NDE VAN\u0130LYALI KREMA \u0130LE DOLDURULMU\u015e,HAF\u0130F VE ZAR\u0130F B\u0130R \u0130TALYAN TATLISI.\u00a0<\/strong><\/em><\/h5>\n<p>&nbsp;<\/p>\n<p>&nbsp;<\/p>\n<p>&nbsp;<\/p>\n<p>&nbsp;<\/p>\n<p>&nbsp;<\/p>\n<p>&nbsp;<\/p>\n<p>&nbsp;<\/p>\n<p>&nbsp;<\/p>\n<p>&nbsp;<\/p>\n<p>&nbsp;<\/p>\n<p>&nbsp;<\/p>\n<p>&nbsp;<\/p>\n","protected":false},"featured_media":12279,"comment_status":"open","ping_status":"closed","template":"","meta":[],"product_brand":[],"product_cat":[92],"product_tag":[],"class_list":{"0":"post-12277","1":"product","2":"type-product","3":"status-publish","4":"has-post-thumbnail","6":"product_cat-tatli-cesitleri","8":"first","9":"instock","10":"taxable","11":"shipping-taxable","12":"purchasable","13":"product-type-simple"},"jetpack_sharing_enabled":true,"_links":{"self":[{"href":"https:\/\/kanavicecikolata.com\/index.php?rest_route=\/wp\/v2\/product\/12277","targetHints":{"allow":["GET"]}}],"collection":[{"href":"https:\/\/kanavicecikolata.com\/index.php?rest_route=\/wp\/v2\/product"}],"about":[{"href":"https:\/\/kanavicecikolata.com\/index.php?rest_route=\/wp\/v2\/types\/product"}],"replies":[{"embeddable":true,"href":"https:\/\/kanavicecikolata.com\/index.php?rest_route=%2Fwp%2Fv2%2Fcomments&post=12277"}],"wp:featuredmedia":[{"embeddable":true,"href":"https:\/\/kanavicecikolata.com\/index.php?rest_route=\/wp\/v2\/media\/12279"}],"wp:attachment":[{"href":"https:\/\/kanavicecikolata.com\/index.php?rest_route=%2Fwp%2Fv2%2Fmedia&parent=12277"}],"wp:term":[{"taxonomy":"product_brand","embeddable":true,"href":"https:\/\/kanavicecikolata.com\/index.php?rest_route=%2Fwp%2Fv2%2Fproduct_brand&post=12277"},{"taxonomy":"product_cat","embeddable":true,"href":"https:\/\/kanavicecikolata.com\/index.php?rest_route=%2Fwp%2Fv2%2Fproduct_cat&post=12277"},{"taxonomy":"product_tag","embeddable":true,"href":"https:\/\/kanavicecikolata.com\/index.php?rest_route=%2Fwp%2Fv2%2Fproduct_tag&post=12277"}],"curies":[{"name":"wp","href":"https:\/\/api.w.org\/{rel}","templated":true}]}}