{"id":12275,"date":"2025-02-15T10:41:26","date_gmt":"2025-02-15T10:41:26","guid":{"rendered":"https:\/\/kanavicecikolata.com\/?post_type=product&#038;p=12275"},"modified":"2025-02-19T14:48:50","modified_gmt":"2025-02-19T14:48:50","slug":"waffle","status":"publish","type":"product","link":"https:\/\/kanavicecikolata.com\/?product=waffle","title":{"rendered":"WAFFLE"},"content":{"rendered":"","protected":false},"excerpt":{"rendered":"<h5 style=\"text-align: center;\"><em><strong>\u00d6ZENLE HAZIRLANMI\u015e WAFFLE HAMURU,MEVS\u0130M MEYVELER\u0130 VE BEL\u00c7\u0130KA \u00c7\u0130KOLATASI E\u015eL\u0130\u011e\u0130NDE SERV\u0130S ED\u0130L\u0130R<\/strong><\/em><\/h5>\n","protected":false},"featured_media":12276,"comment_status":"open","ping_status":"closed","template":"","meta":[],"product_brand":[],"product_cat":[92],"product_tag":[],"class_list":{"0":"post-12275","1":"product","2":"type-product","3":"status-publish","4":"has-post-thumbnail","6":"product_cat-tatli-cesitleri","8":"first","9":"instock","10":"taxable","11":"shipping-taxable","12":"purchasable","13":"product-type-simple"},"jetpack_sharing_enabled":true,"_links":{"self":[{"href":"https:\/\/kanavicecikolata.com\/index.php?rest_route=\/wp\/v2\/product\/12275","targetHints":{"allow":["GET"]}}],"collection":[{"href":"https:\/\/kanavicecikolata.com\/index.php?rest_route=\/wp\/v2\/product"}],"about":[{"href":"https:\/\/kanavicecikolata.com\/index.php?rest_route=\/wp\/v2\/types\/product"}],"replies":[{"embeddable":true,"href":"https:\/\/kanavicecikolata.com\/index.php?rest_route=%2Fwp%2Fv2%2Fcomments&post=12275"}],"wp:featuredmedia":[{"embeddable":true,"href":"https:\/\/kanavicecikolata.com\/index.php?rest_route=\/wp\/v2\/media\/12276"}],"wp:attachment":[{"href":"https:\/\/kanavicecikolata.com\/index.php?rest_route=%2Fwp%2Fv2%2Fmedia&parent=12275"}],"wp:term":[{"taxonomy":"product_brand","embeddable":true,"href":"https:\/\/kanavicecikolata.com\/index.php?rest_route=%2Fwp%2Fv2%2Fproduct_brand&post=12275"},{"taxonomy":"product_cat","embeddable":true,"href":"https:\/\/kanavicecikolata.com\/index.php?rest_route=%2Fwp%2Fv2%2Fproduct_cat&post=12275"},{"taxonomy":"product_tag","embeddable":true,"href":"https:\/\/kanavicecikolata.com\/index.php?rest_route=%2Fwp%2Fv2%2Fproduct_tag&post=12275"}],"curies":[{"name":"wp","href":"https:\/\/api.w.org\/{rel}","templated":true}]}}