{"id":12273,"date":"2025-02-15T10:34:19","date_gmt":"2025-02-15T10:34:19","guid":{"rendered":"https:\/\/kanavicecikolata.com\/?post_type=product&#038;p=12273"},"modified":"2025-02-15T10:34:20","modified_gmt":"2025-02-15T10:34:20","slug":"aladic","status":"publish","type":"product","link":"https:\/\/kanavicecikolata.com\/?product=aladic","title":{"rendered":"ALAD\u0130C"},"content":{"rendered":"","protected":false},"excerpt":{"rendered":"<h5 style=\"text-align: center;\"><em><strong>KREP BOH\u00c7ASININ \u0130\u00c7\u0130NDE BULUNAN BEL\u00c7\u0130KA \u00c7\u0130KOLATASI, MUZ VE \u00c7\u0130LE\u011e\u0130N MUHTE\u015eEM UYUMU \u0130LE ORTAYA \u00c7IKAN B\u0130R TATLIDIR.<\/strong><\/em><\/h5>\n","protected":false},"featured_media":12274,"comment_status":"open","ping_status":"closed","template":"","meta":[],"product_brand":[],"product_cat":[92],"product_tag":[],"class_list":{"0":"post-12273","1":"product","2":"type-product","3":"status-publish","4":"has-post-thumbnail","6":"product_cat-tatli-cesitleri","8":"first","9":"instock","10":"taxable","11":"shipping-taxable","12":"purchasable","13":"product-type-simple"},"jetpack_sharing_enabled":true,"_links":{"self":[{"href":"https:\/\/kanavicecikolata.com\/index.php?rest_route=\/wp\/v2\/product\/12273","targetHints":{"allow":["GET"]}}],"collection":[{"href":"https:\/\/kanavicecikolata.com\/index.php?rest_route=\/wp\/v2\/product"}],"about":[{"href":"https:\/\/kanavicecikolata.com\/index.php?rest_route=\/wp\/v2\/types\/product"}],"replies":[{"embeddable":true,"href":"https:\/\/kanavicecikolata.com\/index.php?rest_route=%2Fwp%2Fv2%2Fcomments&post=12273"}],"wp:featuredmedia":[{"embeddable":true,"href":"https:\/\/kanavicecikolata.com\/index.php?rest_route=\/wp\/v2\/media\/12274"}],"wp:attachment":[{"href":"https:\/\/kanavicecikolata.com\/index.php?rest_route=%2Fwp%2Fv2%2Fmedia&parent=12273"}],"wp:term":[{"taxonomy":"product_brand","embeddable":true,"href":"https:\/\/kanavicecikolata.com\/index.php?rest_route=%2Fwp%2Fv2%2Fproduct_brand&post=12273"},{"taxonomy":"product_cat","embeddable":true,"href":"https:\/\/kanavicecikolata.com\/index.php?rest_route=%2Fwp%2Fv2%2Fproduct_cat&post=12273"},{"taxonomy":"product_tag","embeddable":true,"href":"https:\/\/kanavicecikolata.com\/index.php?rest_route=%2Fwp%2Fv2%2Fproduct_tag&post=12273"}],"curies":[{"name":"wp","href":"https:\/\/api.w.org\/{rel}","templated":true}]}}