{"id":12173,"date":"2025-02-11T14:37:40","date_gmt":"2025-02-11T14:37:40","guid":{"rendered":"https:\/\/kanavicecikolata.com\/?post_type=product&#038;p=12173"},"modified":"2025-05-28T07:55:48","modified_gmt":"2025-05-28T07:55:48","slug":"pasta-16","status":"publish","type":"product","link":"https:\/\/kanavicecikolata.com\/?product=pasta-16","title":{"rendered":"KURAB\u0130YE PASTA"},"content":{"rendered":"<p>10 K\u0130\u015e\u0130L\u0130KT\u0130R<\/p>\n","protected":false},"excerpt":{"rendered":"<p>Krema olarak sade&amp;\u00e7ikolatal\u0131 se\u00e7ene\u011fimiz mevcut.<br \/>\ni\u00e7 malzemesi olarak<br \/>\n\u00e7ilek, muz,\u00e7ikolata, antep f\u0131st\u0131\u011f\u0131,f\u0131nd\u0131k, se\u00e7ene\u011fimiz mevcut.<\/p>\n","protected":false},"featured_media":13043,"comment_status":"open","ping_status":"closed","template":"","meta":[],"product_brand":[],"product_cat":[81,83,82,84,85],"product_tag":[],"class_list":{"0":"post-12173","1":"product","2":"type-product","3":"status-publish","4":"has-post-thumbnail","6":"product_cat-yas-pasta","7":"product_cat-cocuk-pastalari","8":"product_cat-dogum-gunu-pasta","9":"product_cat-nisan-dugun-pastalari","10":"product_cat-ozel-uretim-pastalari","12":"first","13":"instock","14":"taxable","15":"shipping-taxable","16":"purchasable","17":"product-type-variable"},"jetpack_sharing_enabled":true,"_links":{"self":[{"href":"https:\/\/kanavicecikolata.com\/index.php?rest_route=\/wp\/v2\/product\/12173","targetHints":{"allow":["GET"]}}],"collection":[{"href":"https:\/\/kanavicecikolata.com\/index.php?rest_route=\/wp\/v2\/product"}],"about":[{"href":"https:\/\/kanavicecikolata.com\/index.php?rest_route=\/wp\/v2\/types\/product"}],"replies":[{"embeddable":true,"href":"https:\/\/kanavicecikolata.com\/index.php?rest_route=%2Fwp%2Fv2%2Fcomments&post=12173"}],"wp:featuredmedia":[{"embeddable":true,"href":"https:\/\/kanavicecikolata.com\/index.php?rest_route=\/wp\/v2\/media\/13043"}],"wp:attachment":[{"href":"https:\/\/kanavicecikolata.com\/index.php?rest_route=%2Fwp%2Fv2%2Fmedia&parent=12173"}],"wp:term":[{"taxonomy":"product_brand","embeddable":true,"href":"https:\/\/kanavicecikolata.com\/index.php?rest_route=%2Fwp%2Fv2%2Fproduct_brand&post=12173"},{"taxonomy":"product_cat","embeddable":true,"href":"https:\/\/kanavicecikolata.com\/index.php?rest_route=%2Fwp%2Fv2%2Fproduct_cat&post=12173"},{"taxonomy":"product_tag","embeddable":true,"href":"https:\/\/kanavicecikolata.com\/index.php?rest_route=%2Fwp%2Fv2%2Fproduct_tag&post=12173"}],"curies":[{"name":"wp","href":"https:\/\/api.w.org\/{rel}","templated":true}]}}