{"id":12105,"date":"2025-02-11T07:07:35","date_gmt":"2025-02-11T07:07:35","guid":{"rendered":"https:\/\/kanavicecikolata.com\/?post_type=product&#038;p=12105"},"modified":"2025-05-28T07:44:44","modified_gmt":"2025-05-28T07:44:44","slug":"ganaj-pasta","status":"publish","type":"product","link":"https:\/\/kanavicecikolata.com\/?product=ganaj-pasta","title":{"rendered":"GANAJ PASTA"},"content":{"rendered":"<p>5 ki\u015filiktir<\/p>\n","protected":false},"excerpt":{"rendered":"<p>Krema olarak sade&amp;\u00e7ikolatal\u0131 se\u00e7ene\u011fimiz mevcut.<br \/>\ni\u00e7 malzemesi olarak<br \/>\n\u00e7ilek, muz,\u00e7ikolata, antep f\u0131st\u0131\u011f\u0131,f\u0131nd\u0131k, se\u00e7ene\u011fimiz mevcut<\/p>\n","protected":false},"featured_media":13039,"comment_status":"open","ping_status":"closed","template":"","meta":[],"product_brand":[],"product_cat":[81,83,82,85],"product_tag":[],"class_list":{"0":"post-12105","1":"product","2":"type-product","3":"status-publish","4":"has-post-thumbnail","6":"product_cat-yas-pasta","7":"product_cat-cocuk-pastalari","8":"product_cat-dogum-gunu-pasta","9":"product_cat-ozel-uretim-pastalari","11":"first","12":"instock","13":"taxable","14":"shipping-taxable","15":"purchasable","16":"product-type-variable"},"jetpack_sharing_enabled":true,"_links":{"self":[{"href":"https:\/\/kanavicecikolata.com\/index.php?rest_route=\/wp\/v2\/product\/12105","targetHints":{"allow":["GET"]}}],"collection":[{"href":"https:\/\/kanavicecikolata.com\/index.php?rest_route=\/wp\/v2\/product"}],"about":[{"href":"https:\/\/kanavicecikolata.com\/index.php?rest_route=\/wp\/v2\/types\/product"}],"replies":[{"embeddable":true,"href":"https:\/\/kanavicecikolata.com\/index.php?rest_route=%2Fwp%2Fv2%2Fcomments&post=12105"}],"wp:featuredmedia":[{"embeddable":true,"href":"https:\/\/kanavicecikolata.com\/index.php?rest_route=\/wp\/v2\/media\/13039"}],"wp:attachment":[{"href":"https:\/\/kanavicecikolata.com\/index.php?rest_route=%2Fwp%2Fv2%2Fmedia&parent=12105"}],"wp:term":[{"taxonomy":"product_brand","embeddable":true,"href":"https:\/\/kanavicecikolata.com\/index.php?rest_route=%2Fwp%2Fv2%2Fproduct_brand&post=12105"},{"taxonomy":"product_cat","embeddable":true,"href":"https:\/\/kanavicecikolata.com\/index.php?rest_route=%2Fwp%2Fv2%2Fproduct_cat&post=12105"},{"taxonomy":"product_tag","embeddable":true,"href":"https:\/\/kanavicecikolata.com\/index.php?rest_route=%2Fwp%2Fv2%2Fproduct_tag&post=12105"}],"curies":[{"name":"wp","href":"https:\/\/api.w.org\/{rel}","templated":true}]}}