{"id":12043,"date":"2025-02-10T10:28:00","date_gmt":"2025-02-10T10:28:00","guid":{"rendered":"https:\/\/kanavicecikolata.com\/?post_type=product&#038;p=12043"},"modified":"2025-05-28T08:12:03","modified_gmt":"2025-05-28T08:12:03","slug":"konsept-pasta","status":"publish","type":"product","link":"https:\/\/kanavicecikolata.com\/?product=konsept-pasta","title":{"rendered":"TAV\u015eAN PASTA"},"content":{"rendered":"<p>Krema olarak sade&amp;\u00e7ikolatal\u0131 se\u00e7ene\u011fimiz mevcut.<br \/>\ni\u00e7 malzemesi olarak<br \/>\n\u00e7ilek, muz,\u00e7ikolata, antep f\u0131st\u0131\u011f\u0131,f\u0131nd\u0131k, se\u00e7ene\u011fimiz mevcut.<\/p>\n","protected":false},"excerpt":{"rendered":"<p>BUTTERCREAM YA\u015e PASTA<\/p>\n","protected":false},"featured_media":13048,"comment_status":"open","ping_status":"closed","template":"","meta":[],"product_brand":[],"product_cat":[81],"product_tag":[],"class_list":{"0":"post-12043","1":"product","2":"type-product","3":"status-publish","4":"has-post-thumbnail","6":"product_cat-yas-pasta","8":"first","9":"instock","10":"taxable","11":"shipping-taxable","12":"purchasable","13":"product-type-variable"},"jetpack_sharing_enabled":true,"_links":{"self":[{"href":"https:\/\/kanavicecikolata.com\/index.php?rest_route=\/wp\/v2\/product\/12043","targetHints":{"allow":["GET"]}}],"collection":[{"href":"https:\/\/kanavicecikolata.com\/index.php?rest_route=\/wp\/v2\/product"}],"about":[{"href":"https:\/\/kanavicecikolata.com\/index.php?rest_route=\/wp\/v2\/types\/product"}],"replies":[{"embeddable":true,"href":"https:\/\/kanavicecikolata.com\/index.php?rest_route=%2Fwp%2Fv2%2Fcomments&post=12043"}],"wp:featuredmedia":[{"embeddable":true,"href":"https:\/\/kanavicecikolata.com\/index.php?rest_route=\/wp\/v2\/media\/13048"}],"wp:attachment":[{"href":"https:\/\/kanavicecikolata.com\/index.php?rest_route=%2Fwp%2Fv2%2Fmedia&parent=12043"}],"wp:term":[{"taxonomy":"product_brand","embeddable":true,"href":"https:\/\/kanavicecikolata.com\/index.php?rest_route=%2Fwp%2Fv2%2Fproduct_brand&post=12043"},{"taxonomy":"product_cat","embeddable":true,"href":"https:\/\/kanavicecikolata.com\/index.php?rest_route=%2Fwp%2Fv2%2Fproduct_cat&post=12043"},{"taxonomy":"product_tag","embeddable":true,"href":"https:\/\/kanavicecikolata.com\/index.php?rest_route=%2Fwp%2Fv2%2Fproduct_tag&post=12043"}],"curies":[{"name":"wp","href":"https:\/\/api.w.org\/{rel}","templated":true}]}}