{"id":4308,"date":"2021-02-09T16:24:23","date_gmt":"2021-02-09T16:24:23","guid":{"rendered":"https:\/\/swissdelight.qodeinteractive.com\/?page_id=4308"},"modified":"2026-03-07T23:01:05","modified_gmt":"2026-03-07T23:01:05","slug":"anasayfa","status":"publish","type":"page","link":"https:\/\/kanavicecikolata.com\/","title":{"rendered":"Anasayfa"},"content":{"rendered":"<article data-index=\"4307\">\n\t\t\t\t<a itemprop=\"url\" href=\"https:\/\/kanavicecikolata.com\/?portfolio-item=icecek-cesitleri\"><br \/>\n\t\t\t\t\t<img fetchpriority=\"high\" width=\"1440\" height=\"1800\" src=\"http:\/\/kanavicecikolata.com\/wp-content\/uploads\/2021\/02\/472538841_18481815019032980_8349014424946462644_n.jpg\" alt=\"\" decoding=\"async\" srcset=\"https:\/\/kanavicecikolata.com\/wp-content\/uploads\/2021\/02\/472538841_18481815019032980_8349014424946462644_n.jpg 1440w, https:\/\/kanavicecikolata.com\/wp-content\/uploads\/2021\/02\/472538841_18481815019032980_8349014424946462644_n-240x300.jpg 240w, https:\/\/kanavicecikolata.com\/wp-content\/uploads\/2021\/02\/472538841_18481815019032980_8349014424946462644_n-819x1024.jpg 819w, https:\/\/kanavicecikolata.com\/wp-content\/uploads\/2021\/02\/472538841_18481815019032980_8349014424946462644_n-768x960.jpg 768w, https:\/\/kanavicecikolata.com\/wp-content\/uploads\/2021\/02\/472538841_18481815019032980_8349014424946462644_n-1229x1536.jpg 1229w, https:\/\/kanavicecikolata.com\/wp-content\/uploads\/2021\/02\/472538841_18481815019032980_8349014424946462644_n-1320x1650.jpg 1320w, https:\/\/kanavicecikolata.com\/wp-content\/uploads\/2021\/02\/472538841_18481815019032980_8349014424946462644_n-600x750.jpg 600w\" sizes=\"(max-width: 1440px) 100vw, 1440px\" \/>\t\t\t\t<\/a><\/p>\n<h5 itemprop=\"name\">\n\t\t\t\t\t<a itemprop=\"url\" href=\"https:\/\/kanavicecikolata.com\/?portfolio-item=icecek-cesitleri\"><br \/>\n\t\t\t\t\t\t\u0130\u00e7ecek \u00c7e\u015fitlerimiz\t\t\t\t\t<\/a><br \/>\n\t\t\t\t<\/h5>\n<p>\t\t<a href=\"https:\/\/kanavicecikolata.com\/?portfolio-category=kanavice-specials\" rel=\"tag\">Kanavi\u00e7e Specials<\/a><br \/>\n<\/article>\n<article data-index=\"4306\">\n\t\t\t\t<a itemprop=\"url\" href=\"https:\/\/kanavicecikolata.com\/?portfolio-item=cikolata\"><br \/>\n\t\t\t\t\t<img width=\"1440\" height=\"1800\" src=\"http:\/\/kanavicecikolata.com\/wp-content\/uploads\/2025\/02\/cikolatalar-1.jpg\" alt=\"\" decoding=\"async\" srcset=\"https:\/\/kanavicecikolata.com\/wp-content\/uploads\/2025\/02\/cikolatalar-1.jpg 1440w, https:\/\/kanavicecikolata.com\/wp-content\/uploads\/2025\/02\/cikolatalar-1-240x300.jpg 240w, https:\/\/kanavicecikolata.com\/wp-content\/uploads\/2025\/02\/cikolatalar-1-819x1024.jpg 819w, https:\/\/kanavicecikolata.com\/wp-content\/uploads\/2025\/02\/cikolatalar-1-768x960.jpg 768w, https:\/\/kanavicecikolata.com\/wp-content\/uploads\/2025\/02\/cikolatalar-1-1229x1536.jpg 1229w, https:\/\/kanavicecikolata.com\/wp-content\/uploads\/2025\/02\/cikolatalar-1-1320x1650.jpg 1320w, https:\/\/kanavicecikolata.com\/wp-content\/uploads\/2025\/02\/cikolatalar-1-600x750.jpg 600w\" sizes=\"(max-width: 1440px) 100vw, 1440px\" \/>\t\t\t\t<\/a><\/p>\n<h5 itemprop=\"name\">\n\t\t\t\t\t<a itemprop=\"url\" href=\"https:\/\/kanavicecikolata.com\/?portfolio-item=cikolata\"><br \/>\n\t\t\t\t\t\t\u00c7ikolata \u00c7e\u015fitlerimiz\t\t\t\t\t<\/a><br \/>\n\t\t\t\t<\/h5>\n<p>\t\t<a href=\"https:\/\/kanavicecikolata.com\/?portfolio-category=kanavice-specials\" rel=\"tag\">Kanavi\u00e7e Specials<\/a><br \/>\n<\/article>\n<article data-index=\"4302\">\n\t\t\t\t<a itemprop=\"url\" href=\"https:\/\/kanavicecikolata.com\/?portfolio-item=sweet-praline\"><br \/>\n\t\t\t\t\t<img width=\"1080\" height=\"1350\" src=\"http:\/\/kanavicecikolata.com\/wp-content\/uploads\/2021\/02\/449751333_1140005037293524_8293249743036587570_n.jpg\" alt=\"\" decoding=\"async\" srcset=\"https:\/\/kanavicecikolata.com\/wp-content\/uploads\/2021\/02\/449751333_1140005037293524_8293249743036587570_n.jpg 1080w, https:\/\/kanavicecikolata.com\/wp-content\/uploads\/2021\/02\/449751333_1140005037293524_8293249743036587570_n-600x750.jpg 600w, https:\/\/kanavicecikolata.com\/wp-content\/uploads\/2021\/02\/449751333_1140005037293524_8293249743036587570_n-240x300.jpg 240w, https:\/\/kanavicecikolata.com\/wp-content\/uploads\/2021\/02\/449751333_1140005037293524_8293249743036587570_n-819x1024.jpg 819w, https:\/\/kanavicecikolata.com\/wp-content\/uploads\/2021\/02\/449751333_1140005037293524_8293249743036587570_n-768x960.jpg 768w\" sizes=\"(max-width: 1080px) 100vw, 1080px\" \/>\t\t\t\t<\/a><\/p>\n<h5 itemprop=\"name\">\n\t\t\t\t\t<a itemprop=\"url\" href=\"https:\/\/kanavicecikolata.com\/?portfolio-item=sweet-praline\"><br \/>\n\t\t\t\t\t\tTatl\u0131 \u00c7e\u015fitlerimiz\t\t\t\t\t<\/a><br \/>\n\t\t\t\t<\/h5>\n<p>\t\t<a href=\"https:\/\/kanavicecikolata.com\/?portfolio-category=kanavice-specials\" rel=\"tag\">Kanavi\u00e7e Specials<\/a><br \/>\n<\/article>\n<article data-index=\"12176\">\n\t\t\t\t<a itemprop=\"url\" href=\"https:\/\/kanavicecikolata.com\/?portfolio-item=yas-pasta-cesitlerimiz\"><br \/>\n\t\t\t\t\t<img loading=\"lazy\" width=\"1440\" height=\"1546\" src=\"http:\/\/kanavicecikolata.com\/wp-content\/uploads\/2025\/02\/464460522_1590192661584460_2885175284644075882_n-1.jpg\" alt=\"\" decoding=\"async\" srcset=\"https:\/\/kanavicecikolata.com\/wp-content\/uploads\/2025\/02\/464460522_1590192661584460_2885175284644075882_n-1.jpg 1440w, https:\/\/kanavicecikolata.com\/wp-content\/uploads\/2025\/02\/464460522_1590192661584460_2885175284644075882_n-1-279x300.jpg 279w, https:\/\/kanavicecikolata.com\/wp-content\/uploads\/2025\/02\/464460522_1590192661584460_2885175284644075882_n-1-954x1024.jpg 954w, https:\/\/kanavicecikolata.com\/wp-content\/uploads\/2025\/02\/464460522_1590192661584460_2885175284644075882_n-1-768x825.jpg 768w, https:\/\/kanavicecikolata.com\/wp-content\/uploads\/2025\/02\/464460522_1590192661584460_2885175284644075882_n-1-1431x1536.jpg 1431w, https:\/\/kanavicecikolata.com\/wp-content\/uploads\/2025\/02\/464460522_1590192661584460_2885175284644075882_n-1-1320x1417.jpg 1320w, https:\/\/kanavicecikolata.com\/wp-content\/uploads\/2025\/02\/464460522_1590192661584460_2885175284644075882_n-1-600x644.jpg 600w\" sizes=\"(max-width: 1440px) 100vw, 1440px\" \/>\t\t\t\t<\/a><\/p>\n<h5 itemprop=\"name\">\n\t\t\t\t\t<a itemprop=\"url\" href=\"https:\/\/kanavicecikolata.com\/?portfolio-item=yas-pasta-cesitlerimiz\"><br \/>\n\t\t\t\t\t\tYa\u015f Pasta \u00c7e\u015fitlerimiz\t\t\t\t\t<\/a><br \/>\n\t\t\t\t<\/h5>\n<p>\t\t<a href=\"https:\/\/kanavicecikolata.com\/?portfolio-category=kanavice-specials\" rel=\"tag\">Kanavi\u00e7e Specials<\/a><br \/>\n<\/article>\n<p>\t\t\t<svg aria-hidden=\"true\" viewBox=\"0 0 576 512\" xmlns=\"http:\/\/www.w3.org\/2000\/svg\"><path d=\"M259.3 17.8L194 150.2 47.9 171.5c-26.2 3.8-36.7 36.1-17.7 54.6l105.7 103-25 145.5c-4.5 26.3 23.2 46 46.4 33.7L288 439.6l130.7 68.7c23.2 12.2 50.9-7.4 46.4-33.7l-25-145.5 105.7-103c19-18.5 8.5-50.8-17.7-54.6L382 150.2 316.7 17.8c-11.7-23.6-45.6-23.9-57.4 0z\"><\/path><\/svg><\/p>\n","protected":false},"excerpt":{"rendered":"<p>\u0130\u00e7ecek \u00c7e\u015fitlerimiz Kanavi\u00e7e Specials \u00c7ikolata \u00c7e\u015fitlerimiz Kanavi\u00e7e Specials Tatl\u0131 \u00c7e\u015fitlerimiz Kanavi\u00e7e Specials Ya\u015f Pasta \u00c7e\u015fitlerimiz Kanavi\u00e7e Specials<\/p>\n","protected":false},"author":1,"featured_media":0,"parent":0,"menu_order":0,"comment_status":"closed","ping_status":"closed","template":"","meta":{"footnotes":""},"class_list":["post-4308","page","type-page","status-publish","hentry"],"jetpack_sharing_enabled":true,"_links":{"self":[{"href":"https:\/\/kanavicecikolata.com\/index.php?rest_route=\/wp\/v2\/pages\/4308","targetHints":{"allow":["GET"]}}],"collection":[{"href":"https:\/\/kanavicecikolata.com\/index.php?rest_route=\/wp\/v2\/pages"}],"about":[{"href":"https:\/\/kanavicecikolata.com\/index.php?rest_route=\/wp\/v2\/types\/page"}],"author":[{"embeddable":true,"href":"https:\/\/kanavicecikolata.com\/index.php?rest_route=\/wp\/v2\/users\/1"}],"replies":[{"embeddable":true,"href":"https:\/\/kanavicecikolata.com\/index.php?rest_route=%2Fwp%2Fv2%2Fcomments&post=4308"}],"version-history":[{"count":17,"href":"https:\/\/kanavicecikolata.com\/index.php?rest_route=\/wp\/v2\/pages\/4308\/revisions"}],"predecessor-version":[{"id":13065,"href":"https:\/\/kanavicecikolata.com\/index.php?rest_route=\/wp\/v2\/pages\/4308\/revisions\/13065"}],"wp:attachment":[{"href":"https:\/\/kanavicecikolata.com\/index.php?rest_route=%2Fwp%2Fv2%2Fmedia&parent=4308"}],"curies":[{"name":"wp","href":"https:\/\/api.w.org\/{rel}","templated":true}]}}