{"id":12906,"date":"2025-02-24T11:09:49","date_gmt":"2025-02-24T11:09:49","guid":{"rendered":"https:\/\/kanavicecikolata.com\/?page_id=12906"},"modified":"2025-02-24T11:46:34","modified_gmt":"2025-02-24T11:46:34","slug":"kvkk-metni-ve-uyelik-sozlesmesi","status":"publish","type":"page","link":"https:\/\/kanavicecikolata.com\/?page_id=12906","title":{"rendered":"KVKK Metni"},"content":{"rendered":"<div class=\"wp-block-group\" style=\"padding-right:var(--wp--preset--spacing--20);padding-left:var(--wp--preset--spacing--20)\"><div class=\"wp-block-group__inner-container is-layout-constrained wp-container-core-group-is-layout-1 wp-block-group-is-layout-constrained\"><p><strong>KVKK METN\u0130<\/strong><\/p>\n\n<p>Kanavi\u00e7e \u00c7ikolata, 6698 say\u0131l\u0131 Ki\u015fisel Verilerin Korunmas\u0131 Kanunu (KVKK) kapsam\u0131nda, m\u00fc\u015fteri bilgilerinin korunmas\u0131na b\u00fcy\u00fck \u00f6nem vermektedir. Kullan\u0131c\u0131lar\u0131n ki\u015fisel verileri, yaln\u0131zca <strong>sipari\u015f i\u015flemleri, m\u00fc\u015fteri deste\u011fi ve pazarlama faaliyetleri<\/strong> amac\u0131yla kullan\u0131lacakt\u0131r. Detayl\u0131 KVKK politikam\u0131za <a href=\"https:\/\/kanavicecikolata.com\/?page_id=12906\" data-type=\"page\" data-id=\"12906\"><strong>KVKK Politikas\u0131 Sayfam\u0131zdan<\/strong><\/a> ula\u015fabilirsiniz.<\/p>\n\n<p><strong>\u00dcYEL\u0130K S\u00d6ZLE\u015eMES\u0130<\/strong><\/p>\n\n<p>Kanavi\u00e7e \u00c7ikolata\u2019ya \u00fcye olan kullan\u0131c\u0131lar, <strong>\u00fcyelik s\u00f6zle\u015fmesindeki t\u00fcm ko\u015fullar\u0131 kabul etmi\u015f say\u0131l\u0131rlar.<\/strong> \u00dcyelikle ilgili hak ve y\u00fck\u00fcml\u00fcl\u00fckleri i\u00e7eren tam s\u00f6zle\u015fmeye <a href=\"https:\/\/kanavicecikolata.com\/?page_id=12915\" data-type=\"page\" data-id=\"12915\"><strong>\u00dcyelik S\u00f6zle\u015fmesi Sayfam\u0131zdan<\/strong><\/a> ula\u015fabilirsiniz.<\/p>\n\n<div class=\"wp-block-buttons is-layout-flex wp-block-buttons-is-layout-flex\"><div class=\"wp-block-button\"><a class=\"wp-block-button__link wp-element-button\">Add button text<\/a><\/div><\/div><\/div><\/div>","protected":false},"excerpt":{"rendered":"<p>KVKK METN\u0130 Kanavi\u00e7e \u00c7ikolata, 6698 say\u0131l\u0131 Ki\u015fisel Verilerin Korunmas\u0131 Kanunu (KVKK) kapsam\u0131nda, m\u00fc\u015fteri bilgilerinin korunmas\u0131na b\u00fcy\u00fck \u00f6nem vermektedir. Kullan\u0131c\u0131lar\u0131n ki\u015fisel verileri, yaln\u0131zca sipari\u015f i\u015flemleri, m\u00fc\u015fteri deste\u011fi ve pazarlama faaliyetleri amac\u0131yla kullan\u0131lacakt\u0131r. Detayl\u0131 KVKK politikam\u0131za KVKK Politikas\u0131 Sayfam\u0131zdan ula\u015fabilirsiniz. \u00dcYEL\u0130K S\u00d6ZLE\u015eMES\u0130 Kanavi\u00e7e \u00c7ikolata\u2019ya \u00fcye olan kullan\u0131c\u0131lar, \u00fcyelik s\u00f6zle\u015fmesindeki t\u00fcm ko\u015fullar\u0131 kabul etmi\u015f say\u0131l\u0131rlar. \u00dcyelikle ilgili hak [&hellip;]<\/p>\n","protected":false},"author":1,"featured_media":0,"parent":0,"menu_order":0,"comment_status":"closed","ping_status":"closed","template":"","meta":{"footnotes":""},"class_list":["post-12906","page","type-page","status-publish","hentry"],"jetpack_sharing_enabled":true,"_links":{"self":[{"href":"https:\/\/kanavicecikolata.com\/index.php?rest_route=\/wp\/v2\/pages\/12906","targetHints":{"allow":["GET"]}}],"collection":[{"href":"https:\/\/kanavicecikolata.com\/index.php?rest_route=\/wp\/v2\/pages"}],"about":[{"href":"https:\/\/kanavicecikolata.com\/index.php?rest_route=\/wp\/v2\/types\/page"}],"author":[{"embeddable":true,"href":"https:\/\/kanavicecikolata.com\/index.php?rest_route=\/wp\/v2\/users\/1"}],"replies":[{"embeddable":true,"href":"https:\/\/kanavicecikolata.com\/index.php?rest_route=%2Fwp%2Fv2%2Fcomments&post=12906"}],"version-history":[{"count":3,"href":"https:\/\/kanavicecikolata.com\/index.php?rest_route=\/wp\/v2\/pages\/12906\/revisions"}],"predecessor-version":[{"id":12933,"href":"https:\/\/kanavicecikolata.com\/index.php?rest_route=\/wp\/v2\/pages\/12906\/revisions\/12933"}],"wp:attachment":[{"href":"https:\/\/kanavicecikolata.com\/index.php?rest_route=%2Fwp%2Fv2%2Fmedia&parent=12906"}],"curies":[{"name":"wp","href":"https:\/\/api.w.org\/{rel}","templated":true}]}}