{"id":12035,"date":"2025-02-10T08:41:37","date_gmt":"2025-02-10T08:41:37","guid":{"rendered":"https:\/\/kanavicecikolata.com\/?page_id=12035"},"modified":"2025-02-25T10:48:34","modified_gmt":"2025-02-25T10:48:34","slug":"cikolata-cesitleri","status":"publish","type":"page","link":"https:\/\/kanavicecikolata.com\/?page_id=12035","title":{"rendered":"\u00c7ikolata \u00c7e\u015fitleri"},"content":{"rendered":"\t\t<div data-elementor-type=\"wp-page\" data-elementor-id=\"12035\" class=\"elementor elementor-12035\">\n\t\t\t\t\t\t<section class=\"elementor-section elementor-top-section elementor-element elementor-element-68760654 elementor-section-stretched qodef-elementor-content-grid elementor-section-boxed elementor-section-height-default elementor-section-height-default\" data-id=\"68760654\" data-element_type=\"section\" data-settings=\"{&quot;stretch_section&quot;:&quot;section-stretched&quot;}\">\n\t\t\t\t\t\t<div class=\"elementor-container elementor-column-gap-default\">\n\t\t\t\t\t<div class=\"elementor-column elementor-col-100 elementor-top-column elementor-element elementor-element-1d5dd1b\" data-id=\"1d5dd1b\" data-element_type=\"column\">\n\t\t\t<div class=\"elementor-widget-wrap elementor-element-populated\">\n\t\t\t\t\t\t<div class=\"elementor-element elementor-element-96db84f elementor-widget elementor-widget-swissdelight_core_product_list\" data-id=\"96db84f\" data-element_type=\"widget\" data-widget_type=\"swissdelight_core_product_list.default\">\n\t\t\t\t<div class=\"elementor-widget-container\">\n\t\t\t\t\t<div class=\"qodef-shortcode qodef-m  qodef-woo-shortcode qodef-woo-product-list qodef-item-layout--info-below  qodef-button-position--center   qodef-appear-animation--enabled qodef-hover--none qodef-grid qodef-layout--columns  qodef-gutter--normal qodef-col-num--4 qodef-item-layout--info-below qodef-pagination--on qodef-pagination-type--standard qodef-responsive--custom qodef-col-num--1440--4 qodef-col-num--1366--4 qodef-col-num--1024--3 qodef-col-num--768--3 qodef-col-num--680--1 qodef-col-num--480--1\" data-options=\"{&quot;plugin&quot;:&quot;swissdelight_core&quot;,&quot;module&quot;:&quot;plugins\\\/woocommerce\\\/shortcodes&quot;,&quot;shortcode&quot;:&quot;product-list&quot;,&quot;post_type&quot;:&quot;product&quot;,&quot;next_page&quot;:&quot;2&quot;,&quot;max_pages_num&quot;:1,&quot;behavior&quot;:&quot;columns&quot;,&quot;images_proportion&quot;:&quot;custom&quot;,&quot;custom_image_width&quot;:&quot;300&quot;,&quot;custom_image_height&quot;:&quot;300&quot;,&quot;columns&quot;:&quot;4&quot;,&quot;columns_responsive&quot;:&quot;custom&quot;,&quot;columns_1440&quot;:&quot;4&quot;,&quot;columns_1366&quot;:&quot;4&quot;,&quot;columns_1024&quot;:&quot;3&quot;,&quot;columns_768&quot;:&quot;3&quot;,&quot;columns_680&quot;:&quot;1&quot;,&quot;columns_480&quot;:&quot;1&quot;,&quot;space&quot;:&quot;normal&quot;,&quot;add_to_cart_position&quot;:&quot;center&quot;,&quot;posts_per_page&quot;:&quot;12&quot;,&quot;orderby&quot;:&quot;date&quot;,&quot;order&quot;:&quot;ASC&quot;,&quot;additional_params&quot;:&quot;tax&quot;,&quot;tax&quot;:&quot;product_cat&quot;,&quot;tax_slug&quot;:&quot;cikolata-cesitleri&quot;,&quot;product_list_enable_filter_order_by&quot;:&quot;no&quot;,&quot;product_list_enable_filter_category&quot;:&quot;yes&quot;,&quot;filter_tax__in&quot;:&quot;73, 74, 75, 76&quot;,&quot;layout&quot;:&quot;info-below&quot;,&quot;title_tag&quot;:&quot;h5&quot;,&quot;content_margin&quot;:&quot;18px 0px 10px&quot;,&quot;appear_animation&quot;:&quot;yes&quot;,&quot;hover_animation&quot;:&quot;none&quot;,&quot;pagination_type&quot;:&quot;standard&quot;,&quot;object_class_name&quot;:&quot;SwissDelightCore_Product_List_Shortcode&quot;,&quot;taxonomy_filter&quot;:&quot;product_cat&quot;,&quot;additional_query_args&quot;:{&quot;tax_query&quot;:[{&quot;taxonomy&quot;:&quot;product_cat&quot;,&quot;field&quot;:&quot;slug&quot;,&quot;terms&quot;:&quot;cikolata-cesitleri&quot;}]},&quot;content_style&quot;:[&quot;margin: 18px 0px 10px&quot;],&quot;space_value&quot;:15}\">\n\t<div class=\"qodef-filter-holder\">\n\t\t\t<div class=\"qodef-category-filter\">\n\t\t<div class=\"qodef-category-title-holder\">\n\t\t\t<span class=\"qodef-category-title\">Kategoriler<\/span>\n\t\t\t<i class=\"icon-arrows-slim-right\"><\/i>\n\t\t<\/div>\n\t\t<div class=\"qodef-category-filter-list\">\n\t\t\t<ul class=\"qodef-category-list\">\n\t\t\t\t<li><a class=\"qodef-category-filter-link qodef--active\" data-category=\"cikolata-cesitleri\" href=\"#\">All<\/a><\/li>\t\t\t<\/ul>\n\t\t<\/div>\n\t<\/div>\n\t<\/div>\n\t<div class=\"qodef-grid-inner clear\">\n\t\t<div class=\"qodef-e qodef-grid-item qodef-item--custom product type-product post-12294 status-publish first instock product_cat-cikolata-cesitleri has-post-thumbnail taxable shipping-taxable purchasable product-type-simple\">\n\t<div class=\"qodef-woo-product-inner\">\n\t\t\t\t\t<div class=\"qodef-woo-product-image\">\n\t\t\t\t\t\t\t\t<img fetchpriority=\"high\" decoding=\"async\" src=\"https:\/\/kanavicecikolata.com\/wp-content\/uploads\/2025\/02\/cikolata-kutusu1-scaled-300x300.jpg\" alt=\"\" width=\"300\" height=\"300\" data-ratio=\"1\" \/>\t\t\t\t<div class=\"qodef-woo-product-image-inner\">\n\t\t\t\t\t<a href=\"?add-to-cart=12294\" aria-describedby=\"woocommerce_loop_add_to_cart_link_describedby_12294\" data-quantity=\"1\" class=\"button product_type_simple add_to_cart_button ajax_add_to_cart\" data-product_id=\"12294\" data-product_sku=\"\" aria-label=\"Sepete ekle: \u201cALTIN KUTU 25L\u0130\u201d\" rel=\"nofollow\" data-success_message=\"&quot;ALTIN KUTU 25L\u0130&quot; sepetinize eklendi\" data-product_name=\"ALTIN KUTU 25L\u0130\" data-price=\"900\">Sepete Ekle<\/a>\t<span id=\"woocommerce_loop_add_to_cart_link_describedby_12294\" class=\"screen-reader-text\">\n\t\t\t<\/span>\n\t\t\t\t<\/div>\n\t\t\t<\/div>\n\t\t\t\t<div class=\"qodef-woo-product-content\" style=\"margin: 18px 0px 10px\">\n\t\t\t<h5 itemprop=\"name\" class=\"qodef-woo-product-title entry-title\" >\n\t<a itemprop=\"url\" class=\"qodef-woo-product-title-link\" href=\"https:\/\/kanavicecikolata.com\/?product=altin-kutu-25li\">\n\t\tALTIN KUTU 25L\u0130\t<\/a>\n<\/h5>\n\t\t\t\t<div class=\"qodef-woo-product-categories\"><a href=\"https:\/\/kanavicecikolata.com\/?product_cat=cikolata-cesitleri\" rel=\"tag\">\u00c7ikolata \u00c7e\u015fitleri<\/a><\/div>\n\t\t\t\t\t\t\t\t<div class=\"qodef-woo-product-price price\"><span class=\"woocommerce-Price-amount amount\"><span class=\"woocommerce-Price-currencySymbol\">&#8378;<\/span>900,00<\/span><\/div>\n\t\t\t\t\t\t\t<\/div>\n\t\t<a href=\"https:\/\/kanavicecikolata.com\/?product=altin-kutu-25li\" class=\"woocommerce-LoopProduct-link woocommerce-loop-product__link\"><\/a>\t<\/div>\n<\/div>\n<div class=\"qodef-e qodef-grid-item qodef-item--custom product type-product post-12295 status-publish instock product_cat-cikolata-cesitleri has-post-thumbnail taxable shipping-taxable purchasable product-type-simple\">\n\t<div class=\"qodef-woo-product-inner\">\n\t\t\t\t\t<div class=\"qodef-woo-product-image\">\n\t\t\t\t\t\t\t\t<img decoding=\"async\" src=\"https:\/\/kanavicecikolata.com\/wp-content\/uploads\/2025\/02\/WhatsApp-Image-2025-05-09-at-16.41.48-300x300.jpeg\" alt=\"\" width=\"300\" height=\"300\" data-ratio=\"1\" \/>\t\t\t\t<div class=\"qodef-woo-product-image-inner\">\n\t\t\t\t\t<a href=\"?add-to-cart=12295\" aria-describedby=\"woocommerce_loop_add_to_cart_link_describedby_12295\" data-quantity=\"1\" class=\"button product_type_simple add_to_cart_button ajax_add_to_cart\" data-product_id=\"12295\" data-product_sku=\"\" aria-label=\"Sepete ekle: \u201cSARGILI PRAL\u0130N \u00c7\u0130KOLATA\u201d\" rel=\"nofollow\" data-success_message=\"&quot;SARGILI PRAL\u0130N \u00c7\u0130KOLATA&quot; sepetinize eklendi\" data-product_name=\"SARGILI PRAL\u0130N \u00c7\u0130KOLATA\" data-price=\"2500\">Sepete Ekle<\/a>\t<span id=\"woocommerce_loop_add_to_cart_link_describedby_12295\" class=\"screen-reader-text\">\n\t\t\t<\/span>\n\t\t\t\t<\/div>\n\t\t\t<\/div>\n\t\t\t\t<div class=\"qodef-woo-product-content\" style=\"margin: 18px 0px 10px\">\n\t\t\t<h5 itemprop=\"name\" class=\"qodef-woo-product-title entry-title\" >\n\t<a itemprop=\"url\" class=\"qodef-woo-product-title-link\" href=\"https:\/\/kanavicecikolata.com\/?product=penceleri-kutu-24lu\">\n\t\tSARGILI PRAL\u0130N \u00c7\u0130KOLATA\t<\/a>\n<\/h5>\n\t\t\t\t<div class=\"qodef-woo-product-categories\"><a href=\"https:\/\/kanavicecikolata.com\/?product_cat=cikolata-cesitleri\" rel=\"tag\">\u00c7ikolata \u00c7e\u015fitleri<\/a><\/div>\n\t\t\t\t\t\t\t\t<div class=\"qodef-woo-product-price price\"><span class=\"woocommerce-Price-amount amount\"><span class=\"woocommerce-Price-currencySymbol\">&#8378;<\/span>2.500,00<\/span><\/div>\n\t\t\t\t\t\t\t<\/div>\n\t\t<a href=\"https:\/\/kanavicecikolata.com\/?product=penceleri-kutu-24lu\" class=\"woocommerce-LoopProduct-link woocommerce-loop-product__link\"><\/a>\t<\/div>\n<\/div>\n<div class=\"qodef-e qodef-grid-item qodef-item--custom product type-product post-12302 status-publish last instock product_cat-cikolata-cesitleri has-post-thumbnail taxable shipping-taxable purchasable product-type-simple\">\n\t<div class=\"qodef-woo-product-inner\">\n\t\t\t\t\t<div class=\"qodef-woo-product-image\">\n\t\t\t\t\t\t\t\t<img decoding=\"async\" src=\"https:\/\/kanavicecikolata.com\/wp-content\/uploads\/2025\/02\/cikolata-kutusu-3-scaled-300x300.jpg\" alt=\"\" width=\"300\" height=\"300\" data-ratio=\"1\" \/>\t\t\t\t<div class=\"qodef-woo-product-image-inner\">\n\t\t\t\t\t<a href=\"?add-to-cart=12302\" aria-describedby=\"woocommerce_loop_add_to_cart_link_describedby_12302\" data-quantity=\"1\" class=\"button product_type_simple add_to_cart_button ajax_add_to_cart\" data-product_id=\"12302\" data-product_sku=\"\" aria-label=\"Sepete ekle: \u201cMUKAVVA KUTU 35L\u0130\u201d\" rel=\"nofollow\" data-success_message=\"&quot;MUKAVVA KUTU 35L\u0130&quot; sepetinize eklendi\" data-product_name=\"MUKAVVA KUTU 35L\u0130\" data-price=\"1200\">Sepete Ekle<\/a>\t<span id=\"woocommerce_loop_add_to_cart_link_describedby_12302\" class=\"screen-reader-text\">\n\t\t\t<\/span>\n\t\t\t\t<\/div>\n\t\t\t<\/div>\n\t\t\t\t<div class=\"qodef-woo-product-content\" style=\"margin: 18px 0px 10px\">\n\t\t\t<h5 itemprop=\"name\" class=\"qodef-woo-product-title entry-title\" >\n\t<a itemprop=\"url\" class=\"qodef-woo-product-title-link\" href=\"https:\/\/kanavicecikolata.com\/?product=mukavva-kutu-35li\">\n\t\tMUKAVVA KUTU 35L\u0130\t<\/a>\n<\/h5>\n\t\t\t\t<div class=\"qodef-woo-product-categories\"><a href=\"https:\/\/kanavicecikolata.com\/?product_cat=cikolata-cesitleri\" rel=\"tag\">\u00c7ikolata \u00c7e\u015fitleri<\/a><\/div>\n\t\t\t\t\t\t\t\t<div class=\"qodef-woo-product-price price\"><span class=\"woocommerce-Price-amount amount\"><span class=\"woocommerce-Price-currencySymbol\">&#8378;<\/span>1.200,00<\/span><\/div>\n\t\t\t\t\t\t\t<\/div>\n\t\t<a href=\"https:\/\/kanavicecikolata.com\/?product=mukavva-kutu-35li\" class=\"woocommerce-LoopProduct-link woocommerce-loop-product__link\"><\/a>\t<\/div>\n<\/div>\n<div class=\"qodef-e qodef-grid-item qodef-item--custom product type-product post-12303 status-publish first instock product_cat-cikolata-cesitleri has-post-thumbnail taxable shipping-taxable purchasable product-type-simple\">\n\t<div class=\"qodef-woo-product-inner\">\n\t\t\t\t\t<div class=\"qodef-woo-product-image\">\n\t\t\t\t\t\t\t\t<img loading=\"lazy\" decoding=\"async\" src=\"https:\/\/kanavicecikolata.com\/wp-content\/uploads\/2025\/02\/cikolata-kutusu-2-yedek-scaled-300x300.jpg\" alt=\"\" width=\"300\" height=\"300\" data-ratio=\"1\" \/>\t\t\t\t<div class=\"qodef-woo-product-image-inner\">\n\t\t\t\t\t<a href=\"?add-to-cart=12303\" aria-describedby=\"woocommerce_loop_add_to_cart_link_describedby_12303\" data-quantity=\"1\" class=\"button product_type_simple add_to_cart_button ajax_add_to_cart\" data-product_id=\"12303\" data-product_sku=\"\" aria-label=\"Sepete ekle: \u201cKALPL\u0130 KUTU 16LI\u201d\" rel=\"nofollow\" data-success_message=\"&quot;KALPL\u0130 KUTU 16LI&quot; sepetinize eklendi\" data-product_name=\"KALPL\u0130 KUTU 16LI\" data-price=\"470\">Sepete Ekle<\/a>\t<span id=\"woocommerce_loop_add_to_cart_link_describedby_12303\" class=\"screen-reader-text\">\n\t\t\t<\/span>\n\t\t\t\t<\/div>\n\t\t\t<\/div>\n\t\t\t\t<div class=\"qodef-woo-product-content\" style=\"margin: 18px 0px 10px\">\n\t\t\t<h5 itemprop=\"name\" class=\"qodef-woo-product-title entry-title\" >\n\t<a itemprop=\"url\" class=\"qodef-woo-product-title-link\" href=\"https:\/\/kanavicecikolata.com\/?product=kalpli-kutu-16li\">\n\t\tKALPL\u0130 KUTU 16LI\t<\/a>\n<\/h5>\n\t\t\t\t<div class=\"qodef-woo-product-categories\"><a href=\"https:\/\/kanavicecikolata.com\/?product_cat=cikolata-cesitleri\" rel=\"tag\">\u00c7ikolata \u00c7e\u015fitleri<\/a><\/div>\n\t\t\t\t\t\t\t\t<div class=\"qodef-woo-product-price price\"><span class=\"woocommerce-Price-amount amount\"><span class=\"woocommerce-Price-currencySymbol\">&#8378;<\/span>470,00<\/span><\/div>\n\t\t\t\t\t\t\t<\/div>\n\t\t<a href=\"https:\/\/kanavicecikolata.com\/?product=kalpli-kutu-16li\" class=\"woocommerce-LoopProduct-link woocommerce-loop-product__link\"><\/a>\t<\/div>\n<\/div>\n<div class=\"qodef-e qodef-grid-item qodef-item--custom product type-product post-12304 status-publish instock product_cat-cikolata-cesitleri has-post-thumbnail taxable shipping-taxable purchasable product-type-simple\">\n\t<div class=\"qodef-woo-product-inner\">\n\t\t\t\t\t<div class=\"qodef-woo-product-image\">\n\t\t\t\t\t\t\t\t<img loading=\"lazy\" decoding=\"async\" src=\"https:\/\/kanavicecikolata.com\/wp-content\/uploads\/2025\/02\/WhatsApp-Gorsel-2025-02-15-saat-15.39.46_ae0354bf-300x300.jpg\" alt=\"\" width=\"300\" height=\"300\" data-ratio=\"1\" \/>\t\t\t\t<div class=\"qodef-woo-product-image-inner\">\n\t\t\t\t\t<a href=\"?add-to-cart=12304\" aria-describedby=\"woocommerce_loop_add_to_cart_link_describedby_12304\" data-quantity=\"1\" class=\"button product_type_simple add_to_cart_button ajax_add_to_cart\" data-product_id=\"12304\" data-product_sku=\"\" aria-label=\"Sepete ekle: \u201cTABLET \u00c7\u0130KOLATA\u201d\" rel=\"nofollow\" data-success_message=\"&quot;TABLET \u00c7\u0130KOLATA&quot; sepetinize eklendi\" data-product_name=\"TABLET \u00c7\u0130KOLATA\" data-price=\"240\">Sepete Ekle<\/a>\t<span id=\"woocommerce_loop_add_to_cart_link_describedby_12304\" class=\"screen-reader-text\">\n\t\t\t<\/span>\n\t\t\t\t<\/div>\n\t\t\t<\/div>\n\t\t\t\t<div class=\"qodef-woo-product-content\" style=\"margin: 18px 0px 10px\">\n\t\t\t<h5 itemprop=\"name\" class=\"qodef-woo-product-title entry-title\" >\n\t<a itemprop=\"url\" class=\"qodef-woo-product-title-link\" href=\"https:\/\/kanavicecikolata.com\/?product=tablet-cikolata\">\n\t\tTABLET \u00c7\u0130KOLATA\t<\/a>\n<\/h5>\n\t\t\t\t<div class=\"qodef-woo-product-categories\"><a href=\"https:\/\/kanavicecikolata.com\/?product_cat=cikolata-cesitleri\" rel=\"tag\">\u00c7ikolata \u00c7e\u015fitleri<\/a><\/div>\n\t\t\t\t\t\t\t\t<div class=\"qodef-woo-product-price price\"><span class=\"woocommerce-Price-amount amount\"><span class=\"woocommerce-Price-currencySymbol\">&#8378;<\/span>240,00<\/span><\/div>\n\t\t\t\t\t\t\t<\/div>\n\t\t<a href=\"https:\/\/kanavicecikolata.com\/?product=tablet-cikolata\" class=\"woocommerce-LoopProduct-link woocommerce-loop-product__link\"><\/a>\t<\/div>\n<\/div>\n<div class=\"qodef-e qodef-grid-item qodef-item--custom product type-product post-12355 status-publish last instock product_cat-cikolata-cesitleri has-post-thumbnail taxable shipping-taxable purchasable product-type-simple\">\n\t<div class=\"qodef-woo-product-inner\">\n\t\t\t\t\t<div class=\"qodef-woo-product-image\">\n\t\t\t\t\t\t\t\t<img loading=\"lazy\" decoding=\"async\" src=\"https:\/\/kanavicecikolata.com\/wp-content\/uploads\/2025\/02\/WhatsApp-Image-2025-05-09-at-16.40.04-300x300.jpeg\" alt=\"\" width=\"300\" height=\"300\" data-ratio=\"1\" \/>\t\t\t\t<div class=\"qodef-woo-product-image-inner\">\n\t\t\t\t\t<a href=\"?add-to-cart=12355\" aria-describedby=\"woocommerce_loop_add_to_cart_link_describedby_12355\" data-quantity=\"1\" class=\"button product_type_simple add_to_cart_button ajax_add_to_cart\" data-product_id=\"12355\" data-product_sku=\"\" aria-label=\"Sepete ekle: \u201cSARGILI MADLEN \u00c7\u0130KOLATA\u201d\" rel=\"nofollow\" data-success_message=\"&quot;SARGILI MADLEN \u00c7\u0130KOLATA&quot; sepetinize eklendi\" data-product_name=\"SARGILI MADLEN \u00c7\u0130KOLATA\" data-price=\"2500\">Sepete Ekle<\/a>\t<span id=\"woocommerce_loop_add_to_cart_link_describedby_12355\" class=\"screen-reader-text\">\n\t\t\t<\/span>\n\t\t\t\t<\/div>\n\t\t\t<\/div>\n\t\t\t\t<div class=\"qodef-woo-product-content\" style=\"margin: 18px 0px 10px\">\n\t\t\t<h5 itemprop=\"name\" class=\"qodef-woo-product-title entry-title\" >\n\t<a itemprop=\"url\" class=\"qodef-woo-product-title-link\" href=\"https:\/\/kanavicecikolata.com\/?product=bitter-karamel-dolgulu-cikolata\">\n\t\tSARGILI MADLEN \u00c7\u0130KOLATA\t<\/a>\n<\/h5>\n\t\t\t\t<div class=\"qodef-woo-product-categories\"><a href=\"https:\/\/kanavicecikolata.com\/?product_cat=cikolata-cesitleri\" rel=\"tag\">\u00c7ikolata \u00c7e\u015fitleri<\/a><\/div>\n\t\t\t\t\t\t\t\t<div class=\"qodef-woo-product-price price\"><span class=\"woocommerce-Price-amount amount\"><span class=\"woocommerce-Price-currencySymbol\">&#8378;<\/span>2.500,00<\/span><\/div>\n\t\t\t\t\t\t\t<\/div>\n\t\t<a href=\"https:\/\/kanavicecikolata.com\/?product=bitter-karamel-dolgulu-cikolata\" class=\"woocommerce-LoopProduct-link woocommerce-loop-product__link\"><\/a>\t<\/div>\n<\/div>\n<div class=\"qodef-e qodef-grid-item qodef-item--custom product type-product post-12353 status-publish first instock product_cat-cikolata-cesitleri has-post-thumbnail taxable shipping-taxable purchasable product-type-simple\">\n\t<div class=\"qodef-woo-product-inner\">\n\t\t\t\t\t<div class=\"qodef-woo-product-image\">\n\t\t\t\t\t\t\t\t<img loading=\"lazy\" decoding=\"async\" src=\"https:\/\/kanavicecikolata.com\/wp-content\/uploads\/2025\/02\/WhatsApp-Image-2025-05-09-at-16.39.48-300x300.jpeg\" alt=\"\" width=\"300\" height=\"300\" data-ratio=\"1\" \/>\t\t\t\t<div class=\"qodef-woo-product-image-inner\">\n\t\t\t\t\t<a href=\"?add-to-cart=12353\" aria-describedby=\"woocommerce_loop_add_to_cart_link_describedby_12353\" data-quantity=\"1\" class=\"button product_type_simple add_to_cart_button ajax_add_to_cart\" data-product_id=\"12353\" data-product_sku=\"\" aria-label=\"Sepete ekle: \u201cSPEC\u0130AL \u00c7\u0130KOLATA(PRAL\u0130N)\u201d\" rel=\"nofollow\" data-success_message=\"&quot;SPEC\u0130AL \u00c7\u0130KOLATA(PRAL\u0130N)&quot; sepetinize eklendi\" data-product_name=\"SPEC\u0130AL \u00c7\u0130KOLATA(PRAL\u0130N)\" data-price=\"2400\">Sepete Ekle<\/a>\t<span id=\"woocommerce_loop_add_to_cart_link_describedby_12353\" class=\"screen-reader-text\">\n\t\t\t<\/span>\n\t\t\t\t<\/div>\n\t\t\t<\/div>\n\t\t\t\t<div class=\"qodef-woo-product-content\" style=\"margin: 18px 0px 10px\">\n\t\t\t<h5 itemprop=\"name\" class=\"qodef-woo-product-title entry-title\" >\n\t<a itemprop=\"url\" class=\"qodef-woo-product-title-link\" href=\"https:\/\/kanavicecikolata.com\/?product=bitter-kahve-dolgulu\">\n\t\tSPEC\u0130AL \u00c7\u0130KOLATA(PRAL\u0130N)\t<\/a>\n<\/h5>\n\t\t\t\t<div class=\"qodef-woo-product-categories\"><a href=\"https:\/\/kanavicecikolata.com\/?product_cat=cikolata-cesitleri\" rel=\"tag\">\u00c7ikolata \u00c7e\u015fitleri<\/a><\/div>\n\t\t\t\t\t\t\t\t<div class=\"qodef-woo-product-price price\"><span class=\"woocommerce-Price-amount amount\"><span class=\"woocommerce-Price-currencySymbol\">&#8378;<\/span>2.400,00<\/span><\/div>\n\t\t\t\t\t\t\t<\/div>\n\t\t<a href=\"https:\/\/kanavicecikolata.com\/?product=bitter-kahve-dolgulu\" class=\"woocommerce-LoopProduct-link woocommerce-loop-product__link\"><\/a>\t<\/div>\n<\/div>\n<div class=\"qodef-e qodef-grid-item qodef-item--custom product type-product post-12352 status-publish instock product_cat-cikolata-cesitleri has-post-thumbnail taxable shipping-taxable purchasable product-type-simple\">\n\t<div class=\"qodef-woo-product-inner\">\n\t\t\t\t\t<div class=\"qodef-woo-product-image\">\n\t\t\t\t\t\t\t\t<img loading=\"lazy\" decoding=\"async\" src=\"https:\/\/kanavicecikolata.com\/wp-content\/uploads\/2025\/02\/WhatsApp-Image-2025-05-09-at-17.31.45-300x300.jpeg\" alt=\"\" width=\"300\" height=\"300\" data-ratio=\"1\" \/>\t\t\t\t<div class=\"qodef-woo-product-image-inner\">\n\t\t\t\t\t<a href=\"?add-to-cart=12352\" aria-describedby=\"woocommerce_loop_add_to_cart_link_describedby_12352\" data-quantity=\"1\" class=\"button product_type_simple add_to_cart_button ajax_add_to_cart\" data-product_id=\"12352\" data-product_sku=\"\" aria-label=\"Sepete ekle: \u201cMADLEN \u00c7\u0130KOLATA\u201d\" rel=\"nofollow\" data-success_message=\"&quot;MADLEN \u00c7\u0130KOLATA&quot; sepetinize eklendi\" data-product_name=\"MADLEN \u00c7\u0130KOLATA\" data-price=\"2400\">Sepete Ekle<\/a>\t<span id=\"woocommerce_loop_add_to_cart_link_describedby_12352\" class=\"screen-reader-text\">\n\t\t\t<\/span>\n\t\t\t\t<\/div>\n\t\t\t<\/div>\n\t\t\t\t<div class=\"qodef-woo-product-content\" style=\"margin: 18px 0px 10px\">\n\t\t\t<h5 itemprop=\"name\" class=\"qodef-woo-product-title entry-title\" >\n\t<a itemprop=\"url\" class=\"qodef-woo-product-title-link\" href=\"https:\/\/kanavicecikolata.com\/?product=sutlu-aci-dolgulu-cikolata\">\n\t\tMADLEN \u00c7\u0130KOLATA\t<\/a>\n<\/h5>\n\t\t\t\t<div class=\"qodef-woo-product-categories\"><a href=\"https:\/\/kanavicecikolata.com\/?product_cat=cikolata-cesitleri\" rel=\"tag\">\u00c7ikolata \u00c7e\u015fitleri<\/a><\/div>\n\t\t\t\t\t\t\t\t<div class=\"qodef-woo-product-price price\"><span class=\"woocommerce-Price-amount amount\"><span class=\"woocommerce-Price-currencySymbol\">&#8378;<\/span>2.400,00<\/span><\/div>\n\t\t\t\t\t\t\t<\/div>\n\t\t<a href=\"https:\/\/kanavicecikolata.com\/?product=sutlu-aci-dolgulu-cikolata\" class=\"woocommerce-LoopProduct-link woocommerce-loop-product__link\"><\/a>\t<\/div>\n<\/div>\n\t<\/div>\n\t<svg class=\"qodef-m-pagination-spinner\" xmlns=\"http:\/\/www.w3.org\/2000\/svg\" width=\"512\" height=\"512\" viewBox=\"0 0 512 512\"><path d=\"M304 48c0 26.51-21.49 48-48 48s-48-21.49-48-48 21.49-48 48-48 48 21.49 48 48zm-48 368c-26.51 0-48 21.49-48 48s21.49 48 48 48 48-21.49 48-48-21.49-48-48-48zm208-208c-26.51 0-48 21.49-48 48s21.49 48 48 48 48-21.49 48-48-21.49-48-48-48zM96 256c0-26.51-21.49-48-48-48S0 229.49 0 256s21.49 48 48 48 48-21.49 48-48zm12.922 99.078c-26.51 0-48 21.49-48 48s21.49 48 48 48 48-21.49 48-48c0-26.509-21.491-48-48-48zm294.156 0c-26.51 0-48 21.49-48 48s21.49 48 48 48 48-21.49 48-48c0-26.509-21.49-48-48-48zM108.922 60.922c-26.51 0-48 21.49-48 48s21.49 48 48 48 48-21.49 48-48-21.491-48-48-48z\"><\/path><\/svg><\/div>\n\t\t\t\t<\/div>\n\t\t\t\t<\/div>\n\t\t\t\t\t<\/div>\n\t\t<\/div>\n\t\t\t\t\t<\/div>\n\t\t<\/section>\n\t\t\t\t<\/div>\n\t\t","protected":false},"excerpt":{"rendered":"<p>Kategoriler All Sepete Ekle ALTIN KUTU 25L\u0130 \u00c7ikolata \u00c7e\u015fitleri &#8378;900,00 Sepete Ekle PENCELER\u0130 KUTU 24L\u00dc \u00c7ikolata \u00c7e\u015fitleri &#8378;800,00 Sepete Ekle MUKAVVA KUTU 35L\u0130 \u00c7ikolata \u00c7e\u015fitleri &#8378;1.200,00 Sepete Ekle KALPL\u0130 KUTU 16LI \u00c7ikolata \u00c7e\u015fitleri &#8378;470,00 Sepete Ekle TABLET \u00c7\u0130KOLATA \u00c7ikolata \u00c7e\u015fitleri &#8378;240,00 Sepete Ekle KUTU \u00c7\u0130KOLATA 12L\u0130 \u00c7ikolata \u00c7e\u015fitleri &#8378;550,00 Sepete Ekle KARAMELL\u0130 \u00c7AKIL TA\u015eLI \u00c7\u0130KOLATA [&hellip;]<\/p>\n","protected":false},"author":1,"featured_media":0,"parent":0,"menu_order":0,"comment_status":"closed","ping_status":"closed","template":"","meta":{"footnotes":""},"class_list":["post-12035","page","type-page","status-publish","hentry"],"jetpack_sharing_enabled":true,"_links":{"self":[{"href":"https:\/\/kanavicecikolata.com\/index.php?rest_route=\/wp\/v2\/pages\/12035","targetHints":{"allow":["GET"]}}],"collection":[{"href":"https:\/\/kanavicecikolata.com\/index.php?rest_route=\/wp\/v2\/pages"}],"about":[{"href":"https:\/\/kanavicecikolata.com\/index.php?rest_route=\/wp\/v2\/types\/page"}],"author":[{"embeddable":true,"href":"https:\/\/kanavicecikolata.com\/index.php?rest_route=\/wp\/v2\/users\/1"}],"replies":[{"embeddable":true,"href":"https:\/\/kanavicecikolata.com\/index.php?rest_route=%2Fwp%2Fv2%2Fcomments&post=12035"}],"version-history":[{"count":17,"href":"https:\/\/kanavicecikolata.com\/index.php?rest_route=\/wp\/v2\/pages\/12035\/revisions"}],"predecessor-version":[{"id":12947,"href":"https:\/\/kanavicecikolata.com\/index.php?rest_route=\/wp\/v2\/pages\/12035\/revisions\/12947"}],"wp:attachment":[{"href":"https:\/\/kanavicecikolata.com\/index.php?rest_route=%2Fwp%2Fv2%2Fmedia&parent=12035"}],"curies":[{"name":"wp","href":"https:\/\/api.w.org\/{rel}","templated":true}]}}