{"id":12007,"date":"2025-02-10T07:20:48","date_gmt":"2025-02-10T07:20:48","guid":{"rendered":"https:\/\/kanavicecikolata.com\/?page_id=12007"},"modified":"2025-02-15T13:37:16","modified_gmt":"2025-02-15T13:37:16","slug":"icecekler","status":"publish","type":"page","link":"https:\/\/kanavicecikolata.com\/?page_id=12007","title":{"rendered":"\u0130\u00e7ecekler"},"content":{"rendered":"\t\t<div data-elementor-type=\"wp-page\" data-elementor-id=\"12007\" class=\"elementor elementor-12007\">\n\t\t\t\t\t\t<section class=\"elementor-section elementor-top-section elementor-element elementor-element-12dd2992 elementor-section-stretched qodef-elementor-content-grid elementor-section-boxed elementor-section-height-default elementor-section-height-default\" data-id=\"12dd2992\" data-element_type=\"section\" data-settings=\"{&quot;stretch_section&quot;:&quot;section-stretched&quot;}\">\n\t\t\t\t\t\t<div class=\"elementor-container elementor-column-gap-default\">\n\t\t\t\t\t<div class=\"elementor-column elementor-col-100 elementor-top-column elementor-element elementor-element-440f776d\" data-id=\"440f776d\" data-element_type=\"column\">\n\t\t\t<div class=\"elementor-widget-wrap elementor-element-populated\">\n\t\t\t\t\t\t<div class=\"elementor-element elementor-element-3af1d678 elementor-widget elementor-widget-swissdelight_core_product_list\" data-id=\"3af1d678\" data-element_type=\"widget\" data-widget_type=\"swissdelight_core_product_list.default\">\n\t\t\t\t<div class=\"elementor-widget-container\">\n\t\t\t\t\t<div class=\"qodef-shortcode qodef-m  qodef-woo-shortcode qodef-woo-product-list qodef-item-layout--info-below  qodef-button-position--center   qodef-appear-animation--enabled qodef-hover--none qodef-grid qodef-layout--columns  qodef-gutter--normal qodef-col-num--4 qodef-item-layout--info-below qodef-pagination--on qodef-pagination-type--standard qodef-responsive--custom qodef-col-num--1440--4 qodef-col-num--1366--4 qodef-col-num--1024--3 qodef-col-num--768--3 qodef-col-num--680--1 qodef-col-num--480--1\" data-options=\"{&quot;plugin&quot;:&quot;swissdelight_core&quot;,&quot;module&quot;:&quot;plugins\\\/woocommerce\\\/shortcodes&quot;,&quot;shortcode&quot;:&quot;product-list&quot;,&quot;post_type&quot;:&quot;product&quot;,&quot;next_page&quot;:&quot;2&quot;,&quot;max_pages_num&quot;:1,&quot;behavior&quot;:&quot;columns&quot;,&quot;images_proportion&quot;:&quot;custom&quot;,&quot;custom_image_width&quot;:&quot;300&quot;,&quot;custom_image_height&quot;:&quot;300&quot;,&quot;columns&quot;:&quot;4&quot;,&quot;columns_responsive&quot;:&quot;custom&quot;,&quot;columns_1440&quot;:&quot;4&quot;,&quot;columns_1366&quot;:&quot;4&quot;,&quot;columns_1024&quot;:&quot;3&quot;,&quot;columns_768&quot;:&quot;3&quot;,&quot;columns_680&quot;:&quot;1&quot;,&quot;columns_480&quot;:&quot;1&quot;,&quot;space&quot;:&quot;normal&quot;,&quot;add_to_cart_position&quot;:&quot;center&quot;,&quot;posts_per_page&quot;:&quot;12&quot;,&quot;orderby&quot;:&quot;date&quot;,&quot;order&quot;:&quot;ASC&quot;,&quot;additional_params&quot;:&quot;tax&quot;,&quot;tax&quot;:&quot;product_cat&quot;,&quot;tax_slug&quot;:&quot;icecek-cesitleri&quot;,&quot;product_list_enable_filter_order_by&quot;:&quot;no&quot;,&quot;product_list_enable_filter_category&quot;:&quot;yes&quot;,&quot;filter_tax__in&quot;:&quot;73, 74, 75, 76&quot;,&quot;layout&quot;:&quot;info-below&quot;,&quot;title_tag&quot;:&quot;h5&quot;,&quot;content_margin&quot;:&quot;18px 0px 10px&quot;,&quot;appear_animation&quot;:&quot;yes&quot;,&quot;hover_animation&quot;:&quot;none&quot;,&quot;pagination_type&quot;:&quot;standard&quot;,&quot;object_class_name&quot;:&quot;SwissDelightCore_Product_List_Shortcode&quot;,&quot;taxonomy_filter&quot;:&quot;product_cat&quot;,&quot;additional_query_args&quot;:{&quot;tax_query&quot;:[{&quot;taxonomy&quot;:&quot;product_cat&quot;,&quot;field&quot;:&quot;slug&quot;,&quot;terms&quot;:&quot;icecek-cesitleri&quot;}]},&quot;content_style&quot;:[&quot;margin: 18px 0px 10px&quot;],&quot;space_value&quot;:15}\">\n\t<div class=\"qodef-filter-holder\">\n\t\t\t<div class=\"qodef-category-filter\">\n\t\t<div class=\"qodef-category-title-holder\">\n\t\t\t<span class=\"qodef-category-title\">Kategoriler<\/span>\n\t\t\t<i class=\"icon-arrows-slim-right\"><\/i>\n\t\t<\/div>\n\t\t<div class=\"qodef-category-filter-list\">\n\t\t\t<ul class=\"qodef-category-list\">\n\t\t\t\t<li><a class=\"qodef-category-filter-link qodef--active\" data-category=\"icecek-cesitleri\" href=\"#\">All<\/a><\/li><li><a class=\"qodef-category-filter-link\" data-category=\"sicak-icecekler\" href=\"https:\/\/kanavicecikolata.com\/?product_cat=sicak-icecekler\">S\u0131cak \u0130\u00e7ecekler<\/a><\/li><li><a class=\"qodef-category-filter-link\" data-category=\"soguk-icecekler\" href=\"https:\/\/kanavicecikolata.com\/?product_cat=soguk-icecekler\">So\u011fuk \u0130\u00e7ecekler<\/a><\/li>\t\t\t<\/ul>\n\t\t<\/div>\n\t<\/div>\n\t<\/div>\n\t<div class=\"qodef-grid-inner clear\">\n\t\t<div class=\"qodef-e qodef-grid-item qodef-item--custom product type-product post-12290 status-publish first instock product_cat-icecek-cesitleri product_cat-soguk-icecekler taxable shipping-taxable purchasable product-type-simple\">\n\t<div class=\"qodef-woo-product-inner\">\n\t\t\t\t<div class=\"qodef-woo-product-content\" style=\"margin: 18px 0px 10px\">\n\t\t\t<h5 itemprop=\"name\" class=\"qodef-woo-product-title entry-title\" >\n\t<a itemprop=\"url\" class=\"qodef-woo-product-title-link\" href=\"https:\/\/kanavicecikolata.com\/?product=sicak-cikolata\">\n\t\t\u00c7\u0130LEK L\u0130MON \u015eERBET\u0130\t<\/a>\n<\/h5>\n\t\t\t\t<div class=\"qodef-woo-product-categories\"><a href=\"https:\/\/kanavicecikolata.com\/?product_cat=icecek-cesitleri\" rel=\"tag\">\u0130\u00e7ecek \u00c7e\u015fitleri<\/a><span class=\"qodef-category-separator\"><\/span><a href=\"https:\/\/kanavicecikolata.com\/?product_cat=soguk-icecekler\" rel=\"tag\">So\u011fuk \u0130\u00e7ecekler<\/a><\/div>\n\t\t\t\t\t\t\t\t<div class=\"qodef-woo-product-price price\"><span class=\"woocommerce-Price-amount amount\"><span class=\"woocommerce-Price-currencySymbol\">&#8378;<\/span>250,00<\/span><\/div>\n\t\t\t\t\t\t\t<\/div>\n\t\t<a href=\"https:\/\/kanavicecikolata.com\/?product=sicak-cikolata\" class=\"woocommerce-LoopProduct-link woocommerce-loop-product__link\"><\/a>\t<\/div>\n<\/div>\n<div class=\"qodef-e qodef-grid-item qodef-item--custom product type-product post-12291 status-publish instock product_cat-icecek-cesitleri product_cat-soguk-icecekler has-post-thumbnail taxable shipping-taxable purchasable product-type-simple\">\n\t<div class=\"qodef-woo-product-inner\">\n\t\t\t\t\t<div class=\"qodef-woo-product-image\">\n\t\t\t\t\t\t\t\t<img fetchpriority=\"high\" decoding=\"async\" src=\"https:\/\/kanavicecikolata.com\/wp-content\/uploads\/2025\/05\/WhatsApp-Image-2025-05-09-at-14.30.12-scaled-300x300.jpeg\" alt=\"\" width=\"300\" height=\"300\" data-ratio=\"1\" \/>\t\t\t\t<div class=\"qodef-woo-product-image-inner\">\n\t\t\t\t\t<a href=\"?add-to-cart=12291\" aria-describedby=\"woocommerce_loop_add_to_cart_link_describedby_12291\" data-quantity=\"1\" class=\"button product_type_simple add_to_cart_button ajax_add_to_cart\" data-product_id=\"12291\" data-product_sku=\"\" aria-label=\"Sepete ekle: \u201cLAVANTA \u015eERBET\u0130\u201d\" rel=\"nofollow\" data-success_message=\"&quot;LAVANTA \u015eERBET\u0130&quot; sepetinize eklendi\" data-product_name=\"LAVANTA \u015eERBET\u0130\" data-price=\"250\">Sepete Ekle<\/a>\t<span id=\"woocommerce_loop_add_to_cart_link_describedby_12291\" class=\"screen-reader-text\">\n\t\t\t<\/span>\n\t\t\t\t<\/div>\n\t\t\t<\/div>\n\t\t\t\t<div class=\"qodef-woo-product-content\" style=\"margin: 18px 0px 10px\">\n\t\t\t<h5 itemprop=\"name\" class=\"qodef-woo-product-title entry-title\" >\n\t<a itemprop=\"url\" class=\"qodef-woo-product-title-link\" href=\"https:\/\/kanavicecikolata.com\/?product=kis-serbeti\">\n\t\tLAVANTA \u015eERBET\u0130\t<\/a>\n<\/h5>\n\t\t\t\t<div class=\"qodef-woo-product-categories\"><a href=\"https:\/\/kanavicecikolata.com\/?product_cat=icecek-cesitleri\" rel=\"tag\">\u0130\u00e7ecek \u00c7e\u015fitleri<\/a><span class=\"qodef-category-separator\"><\/span><a href=\"https:\/\/kanavicecikolata.com\/?product_cat=soguk-icecekler\" rel=\"tag\">So\u011fuk \u0130\u00e7ecekler<\/a><\/div>\n\t\t\t\t\t\t\t\t<div class=\"qodef-woo-product-price price\"><span class=\"woocommerce-Price-amount amount\"><span class=\"woocommerce-Price-currencySymbol\">&#8378;<\/span>250,00<\/span><\/div>\n\t\t\t\t\t\t\t<\/div>\n\t\t<a href=\"https:\/\/kanavicecikolata.com\/?product=kis-serbeti\" class=\"woocommerce-LoopProduct-link woocommerce-loop-product__link\"><\/a>\t<\/div>\n<\/div>\n<div class=\"qodef-e qodef-grid-item qodef-item--custom product type-product post-12973 status-publish last instock product_cat-icecek-cesitleri product_cat-soguk-icecekler has-post-thumbnail taxable shipping-taxable purchasable product-type-simple\">\n\t<div class=\"qodef-woo-product-inner\">\n\t\t\t\t\t<div class=\"qodef-woo-product-image\">\n\t\t\t\t\t\t\t\t<img decoding=\"async\" src=\"https:\/\/kanavicecikolata.com\/wp-content\/uploads\/2025\/05\/WhatsApp-Image-2025-05-09-at-14.30.12-1-scaled-300x300.jpeg\" alt=\"\" width=\"300\" height=\"300\" data-ratio=\"1\" \/>\t\t\t\t<div class=\"qodef-woo-product-image-inner\">\n\t\t\t\t\t<a href=\"?add-to-cart=12973\" aria-describedby=\"woocommerce_loop_add_to_cart_link_describedby_12973\" data-quantity=\"1\" class=\"button product_type_simple add_to_cart_button ajax_add_to_cart\" data-product_id=\"12973\" data-product_sku=\"\" aria-label=\"Sepete ekle: \u201cDEM\u0130RH\u0130ND\u0130 \u015eERBET\u0130\u201d\" rel=\"nofollow\" data-success_message=\"&quot;DEM\u0130RH\u0130ND\u0130 \u015eERBET\u0130&quot; sepetinize eklendi\" data-product_name=\"DEM\u0130RH\u0130ND\u0130 \u015eERBET\u0130\" data-price=\"250\">Sepete Ekle<\/a>\t<span id=\"woocommerce_loop_add_to_cart_link_describedby_12973\" class=\"screen-reader-text\">\n\t\t\t<\/span>\n\t\t\t\t<\/div>\n\t\t\t<\/div>\n\t\t\t\t<div class=\"qodef-woo-product-content\" style=\"margin: 18px 0px 10px\">\n\t\t\t<h5 itemprop=\"name\" class=\"qodef-woo-product-title entry-title\" >\n\t<a itemprop=\"url\" class=\"qodef-woo-product-title-link\" href=\"https:\/\/kanavicecikolata.com\/?product=demirhindi-serbeti\">\n\t\tDEM\u0130RH\u0130ND\u0130 \u015eERBET\u0130\t<\/a>\n<\/h5>\n\t\t\t\t<div class=\"qodef-woo-product-categories\"><a href=\"https:\/\/kanavicecikolata.com\/?product_cat=icecek-cesitleri\" rel=\"tag\">\u0130\u00e7ecek \u00c7e\u015fitleri<\/a><span class=\"qodef-category-separator\"><\/span><a href=\"https:\/\/kanavicecikolata.com\/?product_cat=soguk-icecekler\" rel=\"tag\">So\u011fuk \u0130\u00e7ecekler<\/a><\/div>\n\t\t\t\t\t\t\t\t<div class=\"qodef-woo-product-price price\"><span class=\"woocommerce-Price-amount amount\"><span class=\"woocommerce-Price-currencySymbol\">&#8378;<\/span>250,00<\/span><\/div>\n\t\t\t\t\t\t\t<\/div>\n\t\t<a href=\"https:\/\/kanavicecikolata.com\/?product=demirhindi-serbeti\" class=\"woocommerce-LoopProduct-link woocommerce-loop-product__link\"><\/a>\t<\/div>\n<\/div>\n<div class=\"qodef-e qodef-grid-item qodef-item--custom product type-product post-12975 status-publish first instock product_cat-icecek-cesitleri product_cat-soguk-icecekler has-post-thumbnail taxable shipping-taxable purchasable product-type-simple\">\n\t<div class=\"qodef-woo-product-inner\">\n\t\t\t\t\t<div class=\"qodef-woo-product-image\">\n\t\t\t\t\t\t\t\t<img decoding=\"async\" src=\"https:\/\/kanavicecikolata.com\/wp-content\/uploads\/2025\/05\/WhatsApp-Image-2025-05-09-at-14.30.13-1-scaled-300x300.jpeg\" alt=\"\" width=\"300\" height=\"300\" data-ratio=\"1\" \/>\t\t\t\t<div class=\"qodef-woo-product-image-inner\">\n\t\t\t\t\t<a href=\"?add-to-cart=12975\" aria-describedby=\"woocommerce_loop_add_to_cart_link_describedby_12975\" data-quantity=\"1\" class=\"button product_type_simple add_to_cart_button ajax_add_to_cart\" data-product_id=\"12975\" data-product_sku=\"\" aria-label=\"Sepete ekle: \u201cG\u00dcL \u015eERBET\u0130\u201d\" rel=\"nofollow\" data-success_message=\"&quot;G\u00dcL \u015eERBET\u0130&quot; sepetinize eklendi\" data-product_name=\"G\u00dcL \u015eERBET\u0130\" data-price=\"250\">Sepete Ekle<\/a>\t<span id=\"woocommerce_loop_add_to_cart_link_describedby_12975\" class=\"screen-reader-text\">\n\t\t\t<\/span>\n\t\t\t\t<\/div>\n\t\t\t<\/div>\n\t\t\t\t<div class=\"qodef-woo-product-content\" style=\"margin: 18px 0px 10px\">\n\t\t\t<h5 itemprop=\"name\" class=\"qodef-woo-product-title entry-title\" >\n\t<a itemprop=\"url\" class=\"qodef-woo-product-title-link\" href=\"https:\/\/kanavicecikolata.com\/?product=gul-serbeti-2\">\n\t\tG\u00dcL \u015eERBET\u0130\t<\/a>\n<\/h5>\n\t\t\t\t<div class=\"qodef-woo-product-categories\"><a href=\"https:\/\/kanavicecikolata.com\/?product_cat=icecek-cesitleri\" rel=\"tag\">\u0130\u00e7ecek \u00c7e\u015fitleri<\/a><span class=\"qodef-category-separator\"><\/span><a href=\"https:\/\/kanavicecikolata.com\/?product_cat=soguk-icecekler\" rel=\"tag\">So\u011fuk \u0130\u00e7ecekler<\/a><\/div>\n\t\t\t\t\t\t\t\t<div class=\"qodef-woo-product-price price\"><span class=\"woocommerce-Price-amount amount\"><span class=\"woocommerce-Price-currencySymbol\">&#8378;<\/span>250,00<\/span><\/div>\n\t\t\t\t\t\t\t<\/div>\n\t\t<a href=\"https:\/\/kanavicecikolata.com\/?product=gul-serbeti-2\" class=\"woocommerce-LoopProduct-link woocommerce-loop-product__link\"><\/a>\t<\/div>\n<\/div>\n<div class=\"qodef-e qodef-grid-item qodef-item--custom product type-product post-13002 status-publish instock product_cat-icecek-cesitleri product_cat-soguk-icecekler has-post-thumbnail taxable shipping-taxable purchasable product-type-simple\">\n\t<div class=\"qodef-woo-product-inner\">\n\t\t\t\t\t<div class=\"qodef-woo-product-image\">\n\t\t\t\t\t\t\t\t<img loading=\"lazy\" decoding=\"async\" src=\"https:\/\/kanavicecikolata.com\/wp-content\/uploads\/2025\/05\/WhatsApp-Image-2025-05-09-at-14.30.13-scaled-300x300.jpeg\" alt=\"\" width=\"300\" height=\"300\" data-ratio=\"1\" \/>\t\t\t\t<div class=\"qodef-woo-product-image-inner\">\n\t\t\t\t\t<a href=\"?add-to-cart=13002\" aria-describedby=\"woocommerce_loop_add_to_cart_link_describedby_13002\" data-quantity=\"1\" class=\"button product_type_simple add_to_cart_button ajax_add_to_cart\" data-product_id=\"13002\" data-product_sku=\"\" aria-label=\"Sepete ekle: \u201cZENCEF\u0130LL\u0130 L\u0130MON \u015eERBET\u0130\u201d\" rel=\"nofollow\" data-success_message=\"&quot;ZENCEF\u0130LL\u0130 L\u0130MON \u015eERBET\u0130&quot; sepetinize eklendi\" data-product_name=\"ZENCEF\u0130LL\u0130 L\u0130MON \u015eERBET\u0130\" data-price=\"250\">Sepete Ekle<\/a>\t<span id=\"woocommerce_loop_add_to_cart_link_describedby_13002\" class=\"screen-reader-text\">\n\t\t\t<\/span>\n\t\t\t\t<\/div>\n\t\t\t<\/div>\n\t\t\t\t<div class=\"qodef-woo-product-content\" style=\"margin: 18px 0px 10px\">\n\t\t\t<h5 itemprop=\"name\" class=\"qodef-woo-product-title entry-title\" >\n\t<a itemprop=\"url\" class=\"qodef-woo-product-title-link\" href=\"https:\/\/kanavicecikolata.com\/?product=zencefilli-limon-serbeti\">\n\t\tZENCEF\u0130LL\u0130 L\u0130MON \u015eERBET\u0130\t<\/a>\n<\/h5>\n\t\t\t\t<div class=\"qodef-woo-product-categories\"><a href=\"https:\/\/kanavicecikolata.com\/?product_cat=icecek-cesitleri\" rel=\"tag\">\u0130\u00e7ecek \u00c7e\u015fitleri<\/a><span class=\"qodef-category-separator\"><\/span><a href=\"https:\/\/kanavicecikolata.com\/?product_cat=soguk-icecekler\" rel=\"tag\">So\u011fuk \u0130\u00e7ecekler<\/a><\/div>\n\t\t\t\t\t\t\t\t<div class=\"qodef-woo-product-price price\"><span class=\"woocommerce-Price-amount amount\"><span class=\"woocommerce-Price-currencySymbol\">&#8378;<\/span>250,00<\/span><\/div>\n\t\t\t\t\t\t\t<\/div>\n\t\t<a href=\"https:\/\/kanavicecikolata.com\/?product=zencefilli-limon-serbeti\" class=\"woocommerce-LoopProduct-link woocommerce-loop-product__link\"><\/a>\t<\/div>\n<\/div>\n\t<\/div>\n\t<svg class=\"qodef-m-pagination-spinner\" xmlns=\"http:\/\/www.w3.org\/2000\/svg\" width=\"512\" height=\"512\" viewBox=\"0 0 512 512\"><path d=\"M304 48c0 26.51-21.49 48-48 48s-48-21.49-48-48 21.49-48 48-48 48 21.49 48 48zm-48 368c-26.51 0-48 21.49-48 48s21.49 48 48 48 48-21.49 48-48-21.49-48-48-48zm208-208c-26.51 0-48 21.49-48 48s21.49 48 48 48 48-21.49 48-48-21.49-48-48-48zM96 256c0-26.51-21.49-48-48-48S0 229.49 0 256s21.49 48 48 48 48-21.49 48-48zm12.922 99.078c-26.51 0-48 21.49-48 48s21.49 48 48 48 48-21.49 48-48c0-26.509-21.491-48-48-48zm294.156 0c-26.51 0-48 21.49-48 48s21.49 48 48 48 48-21.49 48-48c0-26.509-21.49-48-48-48zM108.922 60.922c-26.51 0-48 21.49-48 48s21.49 48 48 48 48-21.49 48-48-21.491-48-48-48z\"><\/path><\/svg><\/div>\n\t\t\t\t<\/div>\n\t\t\t\t<\/div>\n\t\t\t\t\t<\/div>\n\t\t<\/div>\n\t\t\t\t\t<\/div>\n\t\t<\/section>\n\t\t\t\t<\/div>\n\t\t","protected":false},"excerpt":{"rendered":"<p>Categories All S\u0131cak \u0130\u00e7ecekler So\u011fuk \u0130\u00e7ecekler Sepete Ekle SICAK \u00c7\u0130KOLATA S\u0131cak \u0130\u00e7ecekler &#8378;185,00 Sepete Ekle KI\u015e \u015eERBET\u0130 S\u0131cak \u0130\u00e7ecekler &#8378;130,00<\/p>\n","protected":false},"author":1,"featured_media":0,"parent":0,"menu_order":0,"comment_status":"closed","ping_status":"closed","template":"","meta":{"footnotes":""},"class_list":["post-12007","page","type-page","status-publish","hentry"],"jetpack_sharing_enabled":true,"_links":{"self":[{"href":"https:\/\/kanavicecikolata.com\/index.php?rest_route=\/wp\/v2\/pages\/12007","targetHints":{"allow":["GET"]}}],"collection":[{"href":"https:\/\/kanavicecikolata.com\/index.php?rest_route=\/wp\/v2\/pages"}],"about":[{"href":"https:\/\/kanavicecikolata.com\/index.php?rest_route=\/wp\/v2\/types\/page"}],"author":[{"embeddable":true,"href":"https:\/\/kanavicecikolata.com\/index.php?rest_route=\/wp\/v2\/users\/1"}],"replies":[{"embeddable":true,"href":"https:\/\/kanavicecikolata.com\/index.php?rest_route=%2Fwp%2Fv2%2Fcomments&post=12007"}],"version-history":[{"count":19,"href":"https:\/\/kanavicecikolata.com\/index.php?rest_route=\/wp\/v2\/pages\/12007\/revisions"}],"predecessor-version":[{"id":12347,"href":"https:\/\/kanavicecikolata.com\/index.php?rest_route=\/wp\/v2\/pages\/12007\/revisions\/12347"}],"wp:attachment":[{"href":"https:\/\/kanavicecikolata.com\/index.php?rest_route=%2Fwp%2Fv2%2Fmedia&parent=12007"}],"curies":[{"name":"wp","href":"https:\/\/api.w.org\/{rel}","templated":true}]}}